{"id":900,"date":"2019-09-09T10:31:18","date_gmt":"2019-09-09T08:31:18","guid":{"rendered":"http:\/\/paniersirigny.fr\/?page_id=900"},"modified":"2023-08-30T15:32:05","modified_gmt":"2023-08-30T13:32:05","slug":"contact","status":"publish","type":"page","link":"https:\/\/paniersirigny.fr\/index.php\/contact\/","title":{"rendered":"Contact"},"content":{"rendered":"\n<p class=\"has-medium-font-size\"><strong>Les Paniers d&#8217;Irigny<\/strong><br><strong>lieu de livraison : <\/strong>Hangar des Berti\u00e8res, route de Brignais, 69540 IRIGNY<br><strong>e-mail :<\/strong> paniersirigny@gmail.com <\/p>\n\n\n\n<p>Vous pouvez int\u00e9grer notre association \u00e0 tous moment, il n&#8217;y a pas de liste d&#8217;attente.<\/p>\n\n\n\n<p><br><\/p>\n\n\n\n<div class=\"wp-block-media-text is-stacked-on-mobile alignwide\" style=\"grid-template-columns:17% auto\"><figure class=\"wp-block-media-text__media\"><img loading=\"lazy\" decoding=\"async\" width=\"681\" height=\"908\" src=\"http:\/\/paniersirigny.fr\/wp-content\/uploads\/2019\/09\/20171115_202117.jpg\" alt=\"\" class=\"wp-image-911 size-full\" srcset=\"https:\/\/paniersirigny.fr\/wp-content\/uploads\/2019\/09\/20171115_202117.jpg 681w, https:\/\/paniersirigny.fr\/wp-content\/uploads\/2019\/09\/20171115_202117-225x300.jpg 225w\" sizes=\"auto, (max-width: 681px) 100vw, 681px\" \/><\/figure><div class=\"wp-block-media-text__content\">\n<h3 class=\"wp-block-heading\">Comment nous joindre<\/h3>\n\n\n\n<p>Retrouvez nous au hangar des Berti\u00e8res lors d&#8217;une livraison (tous les  mercredi entre 19h30 et 20h30). Nous vous ferons d\u00e9couvrir les  diff\u00e9rents paysans pr\u00e9sents et r\u00e9pondrons \u00e0 toutes vos questions ! <\/p>\n\n\n\n<p>Vous pouvez \u00e9galement nous \u00e9crire par e-mail pour demander un panier test, adh\u00e9rer ou tout autre renseignement : paniersirigny@gmail.com  <\/p>\n\n\n\n<p class=\"has-text-align-left\">Suivez nous sur notre <a href=\"https:\/\/www.facebook.com\/paniers.irigny\/\" target=\"_blank\" rel=\"noreferrer noopener\" aria-label=\"page Facebook (opens in a new tab)\">page Facebook<\/a> !<\/p>\n<\/div><\/div>\n","protected":false},"excerpt":{"rendered":"<p>Les Paniers d&#8217;Irignylieu de livraison : Hangar des Berti\u00e8res, route de Brignais, 69540 IRIGNYe-mail : paniersirigny@gmail.com Vous pouvez int\u00e9grer notre association \u00e0 tous moment, il n&#8217;y a pas de liste d&#8217;attente. Comment nous joindre Retrouvez nous au hangar des Berti\u00e8res<\/p>\n","protected":false},"author":1,"featured_media":0,"parent":0,"menu_order":0,"comment_status":"closed","ping_status":"closed","template":"","meta":{"footnotes":""},"class_list":["post-900","page","type-page","status-publish","hentry"],"_links":{"self":[{"href":"https:\/\/paniersirigny.fr\/index.php\/wp-json\/wp\/v2\/pages\/900","targetHints":{"allow":["GET"]}}],"collection":[{"href":"https:\/\/paniersirigny.fr\/index.php\/wp-json\/wp\/v2\/pages"}],"about":[{"href":"https:\/\/paniersirigny.fr\/index.php\/wp-json\/wp\/v2\/types\/page"}],"author":[{"embeddable":true,"href":"https:\/\/paniersirigny.fr\/index.php\/wp-json\/wp\/v2\/users\/1"}],"replies":[{"embeddable":true,"href":"https:\/\/paniersirigny.fr\/index.php\/wp-json\/wp\/v2\/comments?post=900"}],"version-history":[{"count":10,"href":"https:\/\/paniersirigny.fr\/index.php\/wp-json\/wp\/v2\/pages\/900\/revisions"}],"predecessor-version":[{"id":1193,"href":"https:\/\/paniersirigny.fr\/index.php\/wp-json\/wp\/v2\/pages\/900\/revisions\/1193"}],"wp:attachment":[{"href":"https:\/\/paniersirigny.fr\/index.php\/wp-json\/wp\/v2\/media?parent=900"}],"curies":[{"name":"wp","href":"https:\/\/api.w.org\/{rel}","templated":true}]}}