{"id":78,"date":"2019-07-23T17:01:41","date_gmt":"2019-07-23T15:01:41","guid":{"rendered":"http:\/\/paniersirigny.fr\/?page_id=78"},"modified":"2023-08-30T16:07:01","modified_gmt":"2023-08-30T14:07:01","slug":"recuperer","status":"publish","type":"page","link":"https:\/\/paniersirigny.fr\/index.php\/recuperer\/","title":{"rendered":"R\u00e9cup\u00e9rer mes produits"},"content":{"rendered":"\n<div class=\"wp-block-media-text is-stacked-on-mobile alignwide\" style=\"grid-template-columns:24% auto\"><figure class=\"wp-block-media-text__media\"><img loading=\"lazy\" decoding=\"async\" width=\"769\" height=\"1024\" src=\"http:\/\/paniersirigny.fr\/wp-content\/uploads\/2019\/08\/P1050025-769x1024.jpg\" alt=\"\" class=\"wp-image-744 size-full\" srcset=\"https:\/\/paniersirigny.fr\/wp-content\/uploads\/2019\/08\/P1050025-769x1024.jpg 769w, https:\/\/paniersirigny.fr\/wp-content\/uploads\/2019\/08\/P1050025-225x300.jpg 225w, https:\/\/paniersirigny.fr\/wp-content\/uploads\/2019\/08\/P1050025-768x1023.jpg 768w\" sizes=\"auto, (max-width: 769px) 100vw, 769px\" \/><\/figure><div class=\"wp-block-media-text__content\">\n<p>Chaque mercredi, le hangar des Berti\u00e8res \u00e0 Irigny, accueille producteurs et adh\u00e9rents pour les livraisons de paniers et produits locaux. Ces livraisons sont assur\u00e9es par les producteurs, les r\u00e9f\u00e9rents et quelques adh\u00e9rents qui viennent pr\u00eater main-forte.<\/p>\n\n\n\n<p class=\"has-text-align-center\"><strong>L&#8217;association a besoin de vous ! <\/strong><\/p>\n\n\n\n<p>Pour que les livraisons se&nbsp;d\u00e9roulent au mieux, nous avons besoin que les adh\u00e9rents aident dans la mesure de leurs possibilit\u00e9s. Il suffit que chaque famille fasse 2 ou 3 livraisons dans l&#8217;ann\u00e9e et le tour est jou\u00e9. N&#8217;oubliez pas de vous inscrire sur le doodle dont le lien est en bas de chacun de nos mail.<\/p>\n\n\n\n<p class=\"has-text-align-center\"><strong>Nous comptons sur vous !<\/strong><\/p>\n<\/div><\/div>\n\n\n\n<p><br><\/p>\n\n\n\n<blockquote class=\"wp-block-quote is-layout-flow wp-block-quote-is-layout-flow\">\n<p>Les distributions ont lieu quasiment tous les mercredis de 19h30 \u00e0 20h30 au Hangar des Berti\u00e8res \u00e0 Irigny. <\/p>\n<\/blockquote>\n\n\n\n<ul class=\"wp-block-list\">\n<li>Pour l&#8217;AMAP, les calendriers des diff\u00e9rents paysans sont pr\u00e9cis\u00e9s sur les contrats et&nbsp;sur le site de commandes <a href=\"https:\/\/clicamap.amap-aura.org\/\" target=\"_blank\" rel=\"noreferrer noopener\" aria-label=\"Clic'AMAP (s\u2019ouvre dans un nouvel onglet)\">Clic&#8217;AMAP<\/a>.<\/li>\n\n\n\n<li>Pour les commandes group\u00e9es en GAS, les dates de livraisons sont communiqu\u00e9es par e-mail aux adh\u00e9rents qui ont particip\u00e9 \u00e0 la commande.<\/li>\n<\/ul>\n\n\n<div class=\"wp-block-image\">\n<figure class=\"aligncenter is-resized\"><img loading=\"lazy\" decoding=\"async\" src=\"http:\/\/paniersirigny.fr\/wp-content\/uploads\/2019\/08\/map-1024x743.png\" alt=\"\" class=\"wp-image-741\" style=\"width:568px;height:412px\" width=\"568\" height=\"412\" srcset=\"https:\/\/paniersirigny.fr\/wp-content\/uploads\/2019\/08\/map-1024x743.png 1024w, https:\/\/paniersirigny.fr\/wp-content\/uploads\/2019\/08\/map-300x218.png 300w, https:\/\/paniersirigny.fr\/wp-content\/uploads\/2019\/08\/map-768x557.png 768w, https:\/\/paniersirigny.fr\/wp-content\/uploads\/2019\/08\/map.png 1077w\" sizes=\"auto, (max-width: 568px) 100vw, 568px\" \/><figcaption class=\"wp-element-caption\">Hangar des Berti\u00e8res, route de Brignais, \u00e0 Irigny<\/figcaption><\/figure>\n<\/div>\n\n\n<div class=\"wp-block-media-text is-stacked-on-mobile alignwide\" style=\"grid-template-columns:14% auto\"><figure class=\"wp-block-media-text__media\"><img loading=\"lazy\" decoding=\"async\" width=\"1024\" height=\"1024\" src=\"http:\/\/paniersirigny.fr\/wp-content\/uploads\/2019\/08\/traffic-sign-6711_1280-1024x1024.png\" alt=\"\" class=\"wp-image-762 size-full\" srcset=\"https:\/\/paniersirigny.fr\/wp-content\/uploads\/2019\/08\/traffic-sign-6711_1280-1024x1024.png 1024w, https:\/\/paniersirigny.fr\/wp-content\/uploads\/2019\/08\/traffic-sign-6711_1280-150x150.png 150w, https:\/\/paniersirigny.fr\/wp-content\/uploads\/2019\/08\/traffic-sign-6711_1280-300x300.png 300w, https:\/\/paniersirigny.fr\/wp-content\/uploads\/2019\/08\/traffic-sign-6711_1280-768x768.png 768w, https:\/\/paniersirigny.fr\/wp-content\/uploads\/2019\/08\/traffic-sign-6711_1280-230x230.png 230w, https:\/\/paniersirigny.fr\/wp-content\/uploads\/2019\/08\/traffic-sign-6711_1280-365x365.png 365w, https:\/\/paniersirigny.fr\/wp-content\/uploads\/2019\/08\/traffic-sign-6711_1280.png 1280w\" sizes=\"auto, (max-width: 1024px) 100vw, 1024px\" \/><\/figure><div class=\"wp-block-media-text__content\">\n<p>Le parking \u00e0 notre disposition n&#8217;est malheureusement pas assez grand en cas de forte affluence. Merci de toujours laisser libres, les places \u00e0 proximit\u00e9 de la grande porte du hangar, pour que notre maraich\u00e8re et notre arboriculteur puissent se garer facilement. <br>Nous comptons sur votre compr\u00e9hension et votre civisme.<\/p>\n<\/div><\/div>\n\n\n\n<div class=\"wp-block-media-text is-stacked-on-mobile alignwide\" style=\"grid-template-columns:16% auto\"><figure class=\"wp-block-media-text__media\"><img loading=\"lazy\" decoding=\"async\" width=\"1024\" height=\"1024\" src=\"http:\/\/paniersirigny.fr\/wp-content\/uploads\/2019\/08\/icon-3154242_1280-1024x1024.png\" alt=\"\" class=\"wp-image-760 size-full\" srcset=\"https:\/\/paniersirigny.fr\/wp-content\/uploads\/2019\/08\/icon-3154242_1280-1024x1024.png 1024w, https:\/\/paniersirigny.fr\/wp-content\/uploads\/2019\/08\/icon-3154242_1280-150x150.png 150w, https:\/\/paniersirigny.fr\/wp-content\/uploads\/2019\/08\/icon-3154242_1280-300x300.png 300w, https:\/\/paniersirigny.fr\/wp-content\/uploads\/2019\/08\/icon-3154242_1280-768x768.png 768w, https:\/\/paniersirigny.fr\/wp-content\/uploads\/2019\/08\/icon-3154242_1280-230x230.png 230w, https:\/\/paniersirigny.fr\/wp-content\/uploads\/2019\/08\/icon-3154242_1280-365x365.png 365w, https:\/\/paniersirigny.fr\/wp-content\/uploads\/2019\/08\/icon-3154242_1280.png 1280w\" sizes=\"auto, (max-width: 1024px) 100vw, 1024px\" \/><\/figure><div class=\"wp-block-media-text__content\">\n<p>Des casiers sont a votre disposition dans le hangar (au fond \u00e0 gauche) pour nous remettre vos documents : contrats, ch\u00e8ques, autres. Chaque casier est d\u00e9di\u00e9 \u00e0 un paysan en AMAP + un casier pour le GAS. Vous pouvez y acc\u00e9der lors de chaque livraison.<br><\/p>\n<\/div><\/div>\n\n\n\n<div class=\"wp-block-media-text is-stacked-on-mobile alignwide\" style=\"grid-template-columns:16% auto\"><figure class=\"wp-block-media-text__media\"><img loading=\"lazy\" decoding=\"async\" width=\"1024\" height=\"751\" src=\"http:\/\/paniersirigny.fr\/wp-content\/uploads\/2019\/08\/cagette-1024x751.jpg\" alt=\"\" class=\"wp-image-756 size-full\" srcset=\"https:\/\/paniersirigny.fr\/wp-content\/uploads\/2019\/08\/cagette-1024x751.jpg 1024w, https:\/\/paniersirigny.fr\/wp-content\/uploads\/2019\/08\/cagette-300x220.jpg 300w, https:\/\/paniersirigny.fr\/wp-content\/uploads\/2019\/08\/cagette-768x563.jpg 768w, https:\/\/paniersirigny.fr\/wp-content\/uploads\/2019\/08\/cagette.jpg 1280w\" sizes=\"auto, (max-width: 1024px) 100vw, 1024px\" \/><\/figure><div class=\"wp-block-media-text__content\">\n<p>N&#8217;oubliez pas de rapporter vos contenants aux producteurs, ils les r\u00e9cup\u00e8rent pour les r\u00e9utiliser : cagettes, pots, bouteilles, barquettes en plastique, boites \u00e0 \u0153ufs, sac en papier en bon \u00e9tat, etc. N&#8217;h\u00e9sitez pas \u00e0 en parler avec eux.<\/p>\n<\/div><\/div>\n\n\n\n<p><br><\/p>\n\n\n<div class=\"wp-block-image\">\n<figure class=\"aligncenter is-resized\"><img loading=\"lazy\" decoding=\"async\" src=\"http:\/\/paniersirigny.fr\/wp-content\/uploads\/2019\/08\/hangar.png\" alt=\"\" class=\"wp-image-748\" style=\"width:413px;height:297px\" width=\"413\" height=\"297\" srcset=\"https:\/\/paniersirigny.fr\/wp-content\/uploads\/2019\/08\/hangar.png 943w, https:\/\/paniersirigny.fr\/wp-content\/uploads\/2019\/08\/hangar-300x217.png 300w, https:\/\/paniersirigny.fr\/wp-content\/uploads\/2019\/08\/hangar-768x555.png 768w\" sizes=\"auto, (max-width: 413px) 100vw, 413px\" \/><figcaption class=\"wp-element-caption\">Voici notre magnifique hangar des Berti\u00e8res. Source : Google<\/figcaption><\/figure>\n<\/div>","protected":false},"excerpt":{"rendered":"<p>Chaque mercredi, le hangar des Berti\u00e8res \u00e0 Irigny, accueille producteurs et adh\u00e9rents pour les livraisons de paniers et produits locaux. Ces livraisons sont assur\u00e9es par les producteurs, les r\u00e9f\u00e9rents et quelques adh\u00e9rents qui viennent pr\u00eater main-forte. L&#8217;association a besoin de<\/p>\n","protected":false},"author":1,"featured_media":0,"parent":0,"menu_order":0,"comment_status":"closed","ping_status":"closed","template":"","meta":{"footnotes":""},"class_list":["post-78","page","type-page","status-publish","hentry"],"_links":{"self":[{"href":"https:\/\/paniersirigny.fr\/index.php\/wp-json\/wp\/v2\/pages\/78","targetHints":{"allow":["GET"]}}],"collection":[{"href":"https:\/\/paniersirigny.fr\/index.php\/wp-json\/wp\/v2\/pages"}],"about":[{"href":"https:\/\/paniersirigny.fr\/index.php\/wp-json\/wp\/v2\/types\/page"}],"author":[{"embeddable":true,"href":"https:\/\/paniersirigny.fr\/index.php\/wp-json\/wp\/v2\/users\/1"}],"replies":[{"embeddable":true,"href":"https:\/\/paniersirigny.fr\/index.php\/wp-json\/wp\/v2\/comments?post=78"}],"version-history":[{"count":30,"href":"https:\/\/paniersirigny.fr\/index.php\/wp-json\/wp\/v2\/pages\/78\/revisions"}],"predecessor-version":[{"id":1220,"href":"https:\/\/paniersirigny.fr\/index.php\/wp-json\/wp\/v2\/pages\/78\/revisions\/1220"}],"wp:attachment":[{"href":"https:\/\/paniersirigny.fr\/index.php\/wp-json\/wp\/v2\/media?parent=78"}],"curies":[{"name":"wp","href":"https:\/\/api.w.org\/{rel}","templated":true}]}}