{"id":76,"date":"2019-07-23T17:01:16","date_gmt":"2019-07-23T15:01:16","guid":{"rendered":"http:\/\/paniersirigny.fr\/?page_id=76"},"modified":"2019-09-08T22:44:48","modified_gmt":"2019-09-08T20:44:48","slug":"commander","status":"publish","type":"page","link":"https:\/\/paniersirigny.fr\/index.php\/commander\/","title":{"rendered":"Commander des produits"},"content":{"rendered":"\n<p>Une fois votre adh\u00e9sion faite,\nvous pouvez acc\u00e9der aux services de l\u2019association, \u00e0 savoir, commander des\nproduits en AMAP ou en GAS. La premi\u00e8re \u00e9tape est de r\u00e9cup\u00e9rer vos identifiants\nClic\u2019AMAP afin de pouvoir vous connecter \u00e0 l\u2019interface et de r\u00e9aliser vos\ncommandes.<\/p>\n\n\n\n<p>Chaque paysan \/ producteur est repr\u00e9sent\u00e9 par un adh\u00e9rent-r\u00e9f\u00e9rent qui se charge de g\u00e9rer les commandes, les contrats et de r\u00e9cup\u00e9rer les paiements. Vous pouvez contacter chaque r\u00e9f\u00e9rent pour tout renseignement par mail, <strong>en pr\u00e9cisant bien \u00e0 chaque fois dans l\u2019objet la production concern\u00e9e<\/strong>.  Vous pouvez consulter la liste des personnes r\u00e9f\u00e9rentes sur la page <a href=\"http:\/\/paniersirigny.fr\/index.php\/equipe\/\">Notre \u00e9quipe.<\/a><\/p>\n\n\n\n<h2 class=\"wp-block-heading\"><strong>Commander via l&#8217;AMAP<\/strong>&nbsp;<\/h2>\n\n\n\n<p>Pour commander vos produits en AMAP, il est pr\u00e9f\u00e9rable (selon les produits) d\u2019arriver au d\u00e9but d\u2019une saison de contrats&nbsp;: <\/p>\n\n\n\n<ul class=\"wp-block-list\"><li>Saison \u00e9t\u00e9&nbsp;: de mars \u00e0 septembre<\/li><li>Saison hiver&nbsp;: de septembre \u00e0 f\u00e9vrier<\/li><\/ul>\n\n\n\n<p>Avant de commander les produits d\u2019un paysan, il faut signer un contrat avec lui. Chaque contrat est disponible sur l&#8217;onglet <a href=\"http:\/\/paniersirigny.fr\/index.php\/documents-a-telecharger\/\">t\u00e9l\u00e9charger des documents<\/a>. Il vous suffit de le compl\u00e9ter et de le signer, puis de nous le retourner (par mail, par courrier au r\u00e9f\u00e9rent, dans le casier pr\u00e9vu \u00e0 cet effet au hangar des Berti\u00e8res ou en main propre au r\u00e9f\u00e9rent du paysan concern\u00e9)<\/p>\n\n\n\n<p>Vous r\u00e9glez, \u00e0 l\u2019avance pour\ntoute la saison, par ch\u00e8que \u00e0 l\u2019ordre du paysan. Les ch\u00e8ques sont \u00e0 remettre au\nr\u00e9f\u00e9rent imp\u00e9rativement avant la premi\u00e8re livraison. Ils seront encaiss\u00e9s \u00e0\ndiff\u00e9rents moments selon les paysans. Il est possible dans certains contrats de\nfaire plusieurs ch\u00e8ques pour \u00e9taler le paiement.<\/p>\n\n\n\n<p>En parall\u00e8le, vous pourrez d\u00e9tailler vos commandes sur le site <a href=\"https:\/\/clicamap.amap-aura.org\/\" target=\"_blank\" rel=\"noreferrer noopener\" aria-label=\"Clic\u2019AMAP (s\u2019ouvre dans un nouvel onglet)\">Clic\u2019AMAP<\/a>. <br><\/p>\n\n\n\n<p><strong>Paniers impos\u00e9s (L\u00c9GUMES ET FRUITS)<\/strong><\/p>\n\n\n\n<ul class=\"wp-block-list\"><li>Vous vous engagez \u00e0 acheter un nombre de paniers d\u00e9fini dans le contrat, correspondant au nombre de livraisons effectu\u00e9es par le paysan. Celui-ci compose chaque panier en fonction de la saison et de ses r\u00e9coltes, vous n\u2019avez donc pas le choix des produits.<\/li><li>Si vous n\u2019\u00eates pas l\u00e0 pour une livraison&nbsp;: <ul><li>vous pouvez demander au r\u00e9f\u00e9rent de reporter votre panier \u00e0 une autre date o\u00f9 votre panier sera doubl\u00e9. <\/li><\/ul><ul><li>vous pouvez envoyer quelqu\u2019un chercher votre panier \u00e0 votre place. <\/li><\/ul><\/li><\/ul>\n\n\n\n<p><strong>Paniers \u00e0\nla commande<\/strong><\/p>\n\n\n\n<ul class=\"wp-block-list\"><li>Vous vous engagez \u00e0 acheter des produits au paysan pendant 6 mois, pour un minimum de livraisons d\u00e9fini dans le contrat. Vous devez alors pr\u00e9voir tous les produits que vous voulez acheter pour la saison enti\u00e8re, en remplissant une feuille de commande sur <a href=\"https:\/\/clicamap.amap-aura.org\/\" target=\"_blank\" rel=\"noreferrer noopener\" aria-label=\"Clic\u2019AMAP (s\u2019ouvre dans un nouvel onglet)\">Clic\u2019AMAP<\/a>.<\/li><li>Si vous n\u2019\u00eates pas l\u00e0 pour une livraison&nbsp;:<ul><li>vous pouvez demander au r\u00e9f\u00e9rent de reporter vos produits \u00e0 une ou plusieurs autres dates. <\/li><\/ul><ul><li>vous pouvez envoyer quelqu\u2019un chercher vos produits \u00e0 votre place.<\/li><\/ul><\/li><li>Pour certains produits dont les quantit\u00e9s peuvent varier (poulets, fromages, poissons\u2026) il peut y avoir une r\u00e9gularisation du paiement en fin de contrat.<\/li><\/ul>\n\n\n\n<p><strong>Avant tout engagement<\/strong> et sans obligation d\u2019engagement ult\u00e9rieur,&nbsp;<strong>vous pouvez effectuer une p\u00e9riode de test<\/strong>&nbsp;de 2 \u00e0 3 semaines qui vous permet d\u2019\u00e9valuer la qualit\u00e9 des produits et la quantit\u00e9 qui vous convient le mieux avant d\u2019avoir la possibilit\u00e9 de vous engager pour plusieurs mois.<\/p>\n\n\n\n<p>Il faut pour cela&nbsp;<strong>imp\u00e9rativement&nbsp;<\/strong>commander les produits avant le lundi midi pr\u00e9c\u00e9dant la livraison du mercredi :<\/p>\n\n\n\n<ul class=\"wp-block-list\"><li> soit en nous pr\u00e9cisant par mail la nature de votre commande (l\u00e9gumes : prix du panier ; &nbsp;pain : nature,  poids, quantit\u00e9&#8230;) <\/li><li>soit en commandant directement aupr\u00e8s du producteur pour la semaine suivante au moment d\u2019une livraison.<\/li><\/ul>\n\n\n\n<p><\/p>\n\n\n\n<h2 class=\"wp-block-heading\"><strong>Commander via le GAS<\/strong>&nbsp;<\/h2>\n\n\n\n<p>Pour commander des produits via le GAS, il faut bien entendu \u00eatre adh\u00e9rent \u00e0 l&#8217;association. Ensuite, il suffit de se rapprocher de la personne r\u00e9f\u00e9rente pour \u00eatre int\u00e9gr\u00e9 dans les mailings proposant les achats group\u00e9s. Pour cela, vous pouvez consulter la liste des personnes r\u00e9f\u00e9rentes sur la page <a href=\"http:\/\/paniersirigny.fr\/index.php\/equipe\/\">Notre \u00e9quipe<\/a>, ou simplement nous \u00e9crire un mail avec les types de produits qui vous int\u00e9resseraient.<\/p>\n\n\n\n<p>Avant chaque achat group\u00e9, le r\u00e9f\u00e9rent envoie un mail aux adh\u00e9rents qui indique les produits propos\u00e9s \u00e0 la vente, les prix, et la date limite de commande. La plupart du temps il faut remplir un fichier de commande en ligne en renseignant son nom. Une fois le fichier rempli, vous \u00eates engag\u00e9 \u00e0 venir r\u00e9cup\u00e9rer les produits command\u00e9s et \u00e0 les payer directement au producteur au moment de la livraison.<\/p>\n","protected":false},"excerpt":{"rendered":"<p>Une fois votre adh\u00e9sion faite, vous pouvez acc\u00e9der aux services de l\u2019association, \u00e0 savoir, commander des produits en AMAP ou en GAS. La premi\u00e8re \u00e9tape est de r\u00e9cup\u00e9rer vos identifiants Clic\u2019AMAP afin de pouvoir vous connecter \u00e0 l\u2019interface et de<\/p>\n","protected":false},"author":1,"featured_media":0,"parent":0,"menu_order":0,"comment_status":"closed","ping_status":"closed","template":"","meta":{"footnotes":""},"class_list":["post-76","page","type-page","status-publish","hentry"],"_links":{"self":[{"href":"https:\/\/paniersirigny.fr\/index.php\/wp-json\/wp\/v2\/pages\/76","targetHints":{"allow":["GET"]}}],"collection":[{"href":"https:\/\/paniersirigny.fr\/index.php\/wp-json\/wp\/v2\/pages"}],"about":[{"href":"https:\/\/paniersirigny.fr\/index.php\/wp-json\/wp\/v2\/types\/page"}],"author":[{"embeddable":true,"href":"https:\/\/paniersirigny.fr\/index.php\/wp-json\/wp\/v2\/users\/1"}],"replies":[{"embeddable":true,"href":"https:\/\/paniersirigny.fr\/index.php\/wp-json\/wp\/v2\/comments?post=76"}],"version-history":[{"count":30,"href":"https:\/\/paniersirigny.fr\/index.php\/wp-json\/wp\/v2\/pages\/76\/revisions"}],"predecessor-version":[{"id":870,"href":"https:\/\/paniersirigny.fr\/index.php\/wp-json\/wp\/v2\/pages\/76\/revisions\/870"}],"wp:attachment":[{"href":"https:\/\/paniersirigny.fr\/index.php\/wp-json\/wp\/v2\/media?parent=76"}],"curies":[{"name":"wp","href":"https:\/\/api.w.org\/{rel}","templated":true}]}}