{"id":70,"date":"2019-07-23T16:58:41","date_gmt":"2019-07-23T14:58:41","guid":{"rendered":"http:\/\/paniersirigny.fr\/?page_id=70"},"modified":"2023-08-30T16:08:15","modified_gmt":"2023-08-30T14:08:15","slug":"savons-bio","status":"publish","type":"page","link":"https:\/\/paniersirigny.fr\/index.php\/savons-bio\/","title":{"rendered":"Savons artisanaux BIO : Savonnerie du Pilat"},"content":{"rendered":"\n<p>Install\u00e9 en 2017 au c\u0153ur du massif du Pilat, Samuel Desvignes fabrique tout un monde de savons con\u00e7us pour tous et certifi\u00e9s Nature et Progr\u00e8s.<\/p>\n\n\n<div class=\"wp-block-image\">\n<figure class=\"aligncenter size-full\"><img loading=\"lazy\" decoding=\"async\" width=\"545\" height=\"455\" src=\"https:\/\/paniersirigny.fr\/wp-content\/uploads\/2023\/08\/id_savons.jpg\" alt=\"\" class=\"wp-image-1221\" srcset=\"https:\/\/paniersirigny.fr\/wp-content\/uploads\/2023\/08\/id_savons.jpg 545w, https:\/\/paniersirigny.fr\/wp-content\/uploads\/2023\/08\/id_savons-300x250.jpg 300w\" sizes=\"auto, (max-width: 545px) 100vw, 545px\" \/><\/figure>\n<\/div>\n\n\n<figure class=\"wp-block-gallery has-nested-images columns-default is-cropped wp-block-gallery-1 is-layout-flex wp-block-gallery-is-layout-flex\">\n<figure class=\"wp-block-image\"><img loading=\"lazy\" decoding=\"async\" width=\"800\" height=\"533\" data-id=\"721\" src=\"https:\/\/paniersirigny.fr\/wp-content\/uploads\/2019\/08\/47048014_1092492907586185_6019253118947033088_n.jpg\" alt=\"\" class=\"wp-image-721\" srcset=\"https:\/\/paniersirigny.fr\/wp-content\/uploads\/2019\/08\/47048014_1092492907586185_6019253118947033088_n.jpg 800w, https:\/\/paniersirigny.fr\/wp-content\/uploads\/2019\/08\/47048014_1092492907586185_6019253118947033088_n-300x200.jpg 300w, https:\/\/paniersirigny.fr\/wp-content\/uploads\/2019\/08\/47048014_1092492907586185_6019253118947033088_n-768x512.jpg 768w\" sizes=\"auto, (max-width: 800px) 100vw, 800px\" \/><\/figure>\n\n\n\n<figure class=\"wp-block-image\"><img loading=\"lazy\" decoding=\"async\" width=\"1024\" height=\"576\" data-id=\"720\" src=\"https:\/\/paniersirigny.fr\/wp-content\/uploads\/2019\/08\/27173421_889071267928351_5225763413575982610_o-1024x576.jpg\" alt=\"\" class=\"wp-image-720\" srcset=\"https:\/\/paniersirigny.fr\/wp-content\/uploads\/2019\/08\/27173421_889071267928351_5225763413575982610_o-1024x576.jpg 1024w, https:\/\/paniersirigny.fr\/wp-content\/uploads\/2019\/08\/27173421_889071267928351_5225763413575982610_o-300x169.jpg 300w, https:\/\/paniersirigny.fr\/wp-content\/uploads\/2019\/08\/27173421_889071267928351_5225763413575982610_o-768x432.jpg 768w, https:\/\/paniersirigny.fr\/wp-content\/uploads\/2019\/08\/27173421_889071267928351_5225763413575982610_o.jpg 1920w\" sizes=\"auto, (max-width: 1024px) 100vw, 1024px\" \/><\/figure>\n\n\n\n<figure class=\"wp-block-image\"><img loading=\"lazy\" decoding=\"async\" width=\"1024\" height=\"768\" data-id=\"719\" src=\"https:\/\/paniersirigny.fr\/wp-content\/uploads\/2019\/08\/24291877_859159297586215_6373567767865419290_o-1024x768.jpg\" alt=\"\" class=\"wp-image-719\" srcset=\"https:\/\/paniersirigny.fr\/wp-content\/uploads\/2019\/08\/24291877_859159297586215_6373567767865419290_o-1024x768.jpg 1024w, https:\/\/paniersirigny.fr\/wp-content\/uploads\/2019\/08\/24291877_859159297586215_6373567767865419290_o-300x225.jpg 300w, https:\/\/paniersirigny.fr\/wp-content\/uploads\/2019\/08\/24291877_859159297586215_6373567767865419290_o-768x576.jpg 768w, https:\/\/paniersirigny.fr\/wp-content\/uploads\/2019\/08\/24291877_859159297586215_6373567767865419290_o.jpg 2048w\" sizes=\"auto, (max-width: 1024px) 100vw, 1024px\" \/><\/figure>\n<\/figure>\n\n\n\n<p>Artisan savonnier, Samuel fabrique ses savons selon une m\u00e9thode artisanale : petites s\u00e9ries et saponification \u00e0 froid. Pour vous proposer des savons doux pour la peau et respectueux de l&#8217;environnement, il utilise 100% d&#8217;ingr\u00e9dients naturels et des huiles v\u00e9g\u00e9tales biologiques.<\/p>\n\n\n\n<h4 class=\"wp-block-heading\">Savons pour le corps<\/h4>\n\n\n\n<figure class=\"wp-block-table\"><table><tbody><tr><td>Le Vigneron<\/td><td>Savon enrichi \u00e0 l&#8217;huile de p\u00e9pins de raisin et \u00e0 l&#8217;argile rouge. Parfum floral et herbac\u00e9 \u00e0 base de romarin et de fleur d&#8217;oranger.<\/td><\/tr><tr><td>Le Paysan<\/td><td>Petit d\u00e9tour par la terre avec ce savon enrichi \u00e0 l&#8217;huile de colza et au merveilleux parfum acidul\u00e9 de verveine citronn\u00e9e.<\/td><\/tr><tr><td>Le Forestier<\/td><td>Savon enrichi au karit\u00e9 et \u00e0 l&#8217;argile verte, dans lequel les arbres s&#8217;expriment \u00e0 travers le parfum bois\u00e9 des r\u00e9sineux.<\/td><\/tr><tr><td>La Lavandi\u00e8re<\/td><td>Savon enrichi \u00e0 l&#8217;huile de carthame, associ\u00e9e au parfum relaxant de la lavande.<\/td><\/tr><tr><td>Le P\u00e2tissier<\/td><td>L&#8217;effet nourrissant du beurre de cacao et l\u00e9g\u00e8rement exfoliant du pavot. Un gommage gourmand au parfum sucr\u00e9 et fruit\u00e9.<\/td><\/tr><tr><td>Le M\u00e9cano<\/td><td>L&#8217;alli\u00e9 des mains sales et ab\u00eem\u00e9es. Un gommage l\u00e9ger enrichi \u00e0 l&#8217;huile d&#8217;avocat et au parfum fum\u00e9 et \u00e9pic\u00e9, pour monsieur comme pour madame.<\/td><\/tr><tr><td>La Nounou<\/td><td>Id\u00e9al pour les peaux d\u00e9licates des b\u00e9b\u00e9s et enfants de tous \u00e2ges. La douceur de l&#8217;huile d&#8217;amande douce, pour un savon ultra doux et sans huiles essentielles sp\u00e9cialement con\u00e7u pour toute la famille.<\/td><\/tr><\/tbody><\/table><\/figure>\n\n\n\n<h4 class=\"wp-block-heading\">Savons pour le corps et les cheveux<\/h4>\n\n\n\n<figure class=\"wp-block-table\"><table><tbody><tr><td>Le Voyageur<\/td><td>Savon &#8220;2 en 1&#8221; \u00e0 l&#8217;huile de ricin qui nourrit les cheveux et apporte son effet moussant incomparable. L&#8217;indispensable des randonneurs et baroudeurs. Parfum floral et exotique.<\/td><\/tr><tr><td>Le Coiffeur<\/td><td>Un excellent shampoing \u00e0 base de bi\u00e8re, enrichi \u00e0 l&#8217;huile de carthame, dot\u00e9 d&#8217;une mousse cr\u00e9meuse et g\u00e9n\u00e9reuse. Un savon &#8220;2 en 1&#8221; sans parfum pour toutes les t\u00eates.<\/td><\/tr><\/tbody><\/table><\/figure>\n\n\n\n<p>Samuel commercialise ses savons dans sa boutique, sur internet, sur les march\u00e9s et via des AMAP comme les Paniers d&#8217;Irigny. Il propose \u00e9galement des stages de savonnerie sur r\u00e9servation.<\/p>\n\n\n\n<figure class=\"wp-block-image\"><img loading=\"lazy\" decoding=\"async\" width=\"1024\" height=\"529\" src=\"http:\/\/paniersirigny.fr\/wp-content\/uploads\/2019\/08\/22181627_828322960669849_7478681239056632637_o-1024x529.jpg\" alt=\"\" class=\"wp-image-718\" srcset=\"https:\/\/paniersirigny.fr\/wp-content\/uploads\/2019\/08\/22181627_828322960669849_7478681239056632637_o-1024x529.jpg 1024w, https:\/\/paniersirigny.fr\/wp-content\/uploads\/2019\/08\/22181627_828322960669849_7478681239056632637_o-300x155.jpg 300w, https:\/\/paniersirigny.fr\/wp-content\/uploads\/2019\/08\/22181627_828322960669849_7478681239056632637_o-768x396.jpg 768w, https:\/\/paniersirigny.fr\/wp-content\/uploads\/2019\/08\/22181627_828322960669849_7478681239056632637_o.jpg 2048w\" sizes=\"auto, (max-width: 1024px) 100vw, 1024px\" \/><figcaption class=\"wp-element-caption\">Samuel Desvignes<\/figcaption><\/figure>\n\n\n\n<p class=\"has-text-align-center\">Pour plus d&#8217;infos, RDV sur son site : <a rel=\"noreferrer noopener\" aria-label=\"https:\/\/savonneriedupilat.fr (s\u2019ouvre dans un nouvel onglet)\" href=\"https:\/\/savonneriedupilat.fr\" target=\"_blank\">https:\/\/savonneriedupilat.fr<\/a><br>Suivez ses actualit\u00e9s sur sa <a rel=\"noreferrer noopener\" aria-label=\"page Facebook (s\u2019ouvre dans un nouvel onglet)\" href=\"https:\/\/www.facebook.com\/pg\/savonneriedupilat\/about\/?ref=page_internal\" target=\"_blank\">page Facebook<\/a><\/p>\n","protected":false},"excerpt":{"rendered":"<p>Install\u00e9 en 2017 au c\u0153ur du massif du Pilat, Samuel Desvignes fabrique tout un monde de savons con\u00e7us pour tous et certifi\u00e9s Nature et Progr\u00e8s. Artisan savonnier, Samuel fabrique ses savons selon une m\u00e9thode artisanale : petites s\u00e9ries et saponification<\/p>\n","protected":false},"author":1,"featured_media":0,"parent":0,"menu_order":0,"comment_status":"closed","ping_status":"closed","template":"","meta":{"footnotes":""},"class_list":["post-70","page","type-page","status-publish","hentry"],"_links":{"self":[{"href":"https:\/\/paniersirigny.fr\/index.php\/wp-json\/wp\/v2\/pages\/70","targetHints":{"allow":["GET"]}}],"collection":[{"href":"https:\/\/paniersirigny.fr\/index.php\/wp-json\/wp\/v2\/pages"}],"about":[{"href":"https:\/\/paniersirigny.fr\/index.php\/wp-json\/wp\/v2\/types\/page"}],"author":[{"embeddable":true,"href":"https:\/\/paniersirigny.fr\/index.php\/wp-json\/wp\/v2\/users\/1"}],"replies":[{"embeddable":true,"href":"https:\/\/paniersirigny.fr\/index.php\/wp-json\/wp\/v2\/comments?post=70"}],"version-history":[{"count":9,"href":"https:\/\/paniersirigny.fr\/index.php\/wp-json\/wp\/v2\/pages\/70\/revisions"}],"predecessor-version":[{"id":1223,"href":"https:\/\/paniersirigny.fr\/index.php\/wp-json\/wp\/v2\/pages\/70\/revisions\/1223"}],"wp:attachment":[{"href":"https:\/\/paniersirigny.fr\/index.php\/wp-json\/wp\/v2\/media?parent=70"}],"curies":[{"name":"wp","href":"https:\/\/api.w.org\/{rel}","templated":true}]}}