{"id":48,"date":"2019-07-23T16:39:34","date_gmt":"2019-07-23T14:39:34","guid":{"rendered":"http:\/\/paniersirigny.fr\/?page_id=48"},"modified":"2019-09-17T12:11:20","modified_gmt":"2019-09-17T10:11:20","slug":"boeuf-veau-bio","status":"publish","type":"page","link":"https:\/\/paniersirigny.fr\/index.php\/boeuf-veau-bio\/","title":{"rendered":"B\u0153uf, veau BIO : GAEC du M\u00fbrier"},"content":{"rendered":"\n<p>Le GAEC du M\u00fbrier a \u00e9t\u00e9 cr\u00e9\u00e9 en 2011 suite au regroupement de 3 exploitations. Certifi\u00e9 en Agriculture Biologique, il rassemble un \u00e9levage de vaches allaitantes et laiti\u00e8res ainsi qu&#8217;un \u00e9levage de poules pondeuses.  <\/p>\n\n\n\n<div class=\"wp-block-image\"><figure class=\"aligncenter\"><img loading=\"lazy\" decoding=\"async\" width=\"536\" height=\"447\" src=\"http:\/\/paniersirigny.fr\/wp-content\/uploads\/2019\/09\/id_boeuf-veau.png\" alt=\"\" class=\"wp-image-999\" srcset=\"https:\/\/paniersirigny.fr\/wp-content\/uploads\/2019\/09\/id_boeuf-veau.png 536w, https:\/\/paniersirigny.fr\/wp-content\/uploads\/2019\/09\/id_boeuf-veau-300x250.png 300w\" sizes=\"auto, (max-width: 536px) 100vw, 536px\" \/><\/figure><\/div>\n\n\n\n<ul class=\"wp-block-gallery columns-3 is-cropped wp-block-gallery-1 is-layout-flex wp-block-gallery-is-layout-flex\"><li class=\"blocks-gallery-item\"><figure><img loading=\"lazy\" decoding=\"async\" width=\"638\" height=\"442\" src=\"http:\/\/paniersirigny.fr\/wp-content\/uploads\/2019\/08\/4.png\" alt=\"\" data-id=\"641\" data-link=\"http:\/\/paniersirigny.fr\/index.php\/boeuf-veau-bio-gaec-du-murier\/4-2\/\" class=\"wp-image-641\" srcset=\"https:\/\/paniersirigny.fr\/wp-content\/uploads\/2019\/08\/4.png 638w, https:\/\/paniersirigny.fr\/wp-content\/uploads\/2019\/08\/4-300x208.png 300w\" sizes=\"auto, (max-width: 638px) 100vw, 638px\" \/><\/figure><\/li><li class=\"blocks-gallery-item\"><figure><img loading=\"lazy\" decoding=\"async\" width=\"763\" height=\"713\" src=\"http:\/\/paniersirigny.fr\/wp-content\/uploads\/2019\/08\/2-2.png\" alt=\"\" data-id=\"640\" data-link=\"http:\/\/paniersirigny.fr\/index.php\/boeuf-veau-bio-gaec-du-murier\/2-5\/\" class=\"wp-image-640\" srcset=\"https:\/\/paniersirigny.fr\/wp-content\/uploads\/2019\/08\/2-2.png 763w, https:\/\/paniersirigny.fr\/wp-content\/uploads\/2019\/08\/2-2-300x280.png 300w\" sizes=\"auto, (max-width: 763px) 100vw, 763px\" \/><\/figure><\/li><li class=\"blocks-gallery-item\"><figure><img loading=\"lazy\" decoding=\"async\" width=\"1015\" height=\"731\" src=\"http:\/\/paniersirigny.fr\/wp-content\/uploads\/2019\/08\/1-1.png\" alt=\"\" data-id=\"639\" data-link=\"http:\/\/paniersirigny.fr\/index.php\/boeuf-veau-bio-gaec-du-murier\/1-4\/\" class=\"wp-image-639\" srcset=\"https:\/\/paniersirigny.fr\/wp-content\/uploads\/2019\/08\/1-1.png 1015w, https:\/\/paniersirigny.fr\/wp-content\/uploads\/2019\/08\/1-1-300x216.png 300w, https:\/\/paniersirigny.fr\/wp-content\/uploads\/2019\/08\/1-1-768x553.png 768w\" sizes=\"auto, (max-width: 1015px) 100vw, 1015px\" \/><\/figure><\/li><\/ul>\n\n\n\n<p>Le GAEC du M\u00fbrier compte 5 associ\u00e9s et l\u2019ensemble constitue un outil de travail collectif performant qui, par une bonne organisation du travail, permet \u00e0 chacun de se d\u00e9gager du temps libre. Sur leurs 264 hectares, les associ\u00e9s \u00e9l\u00e8vent 3000 poules pondeuses et environ 300 bovins dont 100 vaches laiti\u00e8res, 25 vaches allaitantes et leurs suites.  <\/p>\n\n\n\n<blockquote class=\"wp-block-quote is-layout-flow wp-block-quote-is-layout-flow\"><p>Nos animaux sont nourris principalement avec des aliments produits sur la ferme. Nous avons achet\u00e9 une machine \u00e0 toaster les graines de soja que nous produisons, pour am\u00e9liorer notre autonomie prot\u00e9ique. En effet ce toasteur rend les graines prot\u00e9agineuses plus digestes pour les animaux.<\/p><cite>GAEC du M\u00fbrier<\/cite><\/blockquote>\n\n\n\n<p>Le GAEC propose des steaks hach\u00e9s et des colis de viande (b\u0153uf ou veau) qui sont transform\u00e9s dans des ateliers agr\u00e9\u00e9s en Agriculture Biologique \u00e0 Hi\u00e8res sur Amby et \u00e0 Burdignes. Ses produits sont commercialis\u00e9s essentiellement en vente directe : vente \u00e0 la ferme, magasin de producteurs, via BioAPro et via des AMAP dont les Paniers d&#8217;Irigny.<\/p>\n\n\n\n<figure class=\"wp-block-image\"><img loading=\"lazy\" decoding=\"async\" width=\"1024\" height=\"768\" src=\"http:\/\/paniersirigny.fr\/wp-content\/uploads\/2019\/08\/httpaurapaysanne.frrecherche-collective-qualite-de-vie-et-autonomie-1024x768.jpg\" alt=\"\" class=\"wp-image-636\" srcset=\"https:\/\/paniersirigny.fr\/wp-content\/uploads\/2019\/08\/httpaurapaysanne.frrecherche-collective-qualite-de-vie-et-autonomie-1024x768.jpg 1024w, https:\/\/paniersirigny.fr\/wp-content\/uploads\/2019\/08\/httpaurapaysanne.frrecherche-collective-qualite-de-vie-et-autonomie-300x225.jpg 300w, https:\/\/paniersirigny.fr\/wp-content\/uploads\/2019\/08\/httpaurapaysanne.frrecherche-collective-qualite-de-vie-et-autonomie-768x576.jpg 768w\" sizes=\"auto, (max-width: 1024px) 100vw, 1024px\" \/><figcaption>Les 5 associ\u00e9s du GAEC du M\u00fbrier. source : l&#8217;AURA paysanne<\/figcaption><\/figure>\n\n\n\n<p style=\"text-align:center\">Pour en savoir plus, consultez le site <a rel=\"noreferrer noopener\" aria-label=\"r\u00e9seau GAB FRAB AuRA (s\u2019ouvre dans un nouvel onglet)\" href=\"http:\/\/www.auvergnerhonealpes.bio\/agriculteurs\/fermes-de-demonstration\/443:gaec-du-murier\" target=\"_blank\">r\u00e9seau GAB FRAB AuRA<\/a> <\/p>\n","protected":false},"excerpt":{"rendered":"<p>Le GAEC du M\u00fbrier a \u00e9t\u00e9 cr\u00e9\u00e9 en 2011 suite au regroupement de 3 exploitations. Certifi\u00e9 en Agriculture Biologique, il rassemble un \u00e9levage de vaches allaitantes et laiti\u00e8res ainsi qu&#8217;un \u00e9levage de poules pondeuses. Le GAEC du M\u00fbrier compte 5<\/p>\n","protected":false},"author":1,"featured_media":0,"parent":0,"menu_order":0,"comment_status":"closed","ping_status":"closed","template":"","meta":{"footnotes":""},"class_list":["post-48","page","type-page","status-publish","hentry"],"_links":{"self":[{"href":"https:\/\/paniersirigny.fr\/index.php\/wp-json\/wp\/v2\/pages\/48","targetHints":{"allow":["GET"]}}],"collection":[{"href":"https:\/\/paniersirigny.fr\/index.php\/wp-json\/wp\/v2\/pages"}],"about":[{"href":"https:\/\/paniersirigny.fr\/index.php\/wp-json\/wp\/v2\/types\/page"}],"author":[{"embeddable":true,"href":"https:\/\/paniersirigny.fr\/index.php\/wp-json\/wp\/v2\/users\/1"}],"replies":[{"embeddable":true,"href":"https:\/\/paniersirigny.fr\/index.php\/wp-json\/wp\/v2\/comments?post=48"}],"version-history":[{"count":10,"href":"https:\/\/paniersirigny.fr\/index.php\/wp-json\/wp\/v2\/pages\/48\/revisions"}],"predecessor-version":[{"id":1006,"href":"https:\/\/paniersirigny.fr\/index.php\/wp-json\/wp\/v2\/pages\/48\/revisions\/1006"}],"wp:attachment":[{"href":"https:\/\/paniersirigny.fr\/index.php\/wp-json\/wp\/v2\/media?parent=48"}],"curies":[{"name":"wp","href":"https:\/\/api.w.org\/{rel}","templated":true}]}}