{"id":39,"date":"2019-07-23T16:33:14","date_gmt":"2019-07-23T14:33:14","guid":{"rendered":"http:\/\/paniersirigny.fr\/?page_id=39"},"modified":"2023-08-30T15:23:28","modified_gmt":"2023-08-30T13:23:28","slug":"agrumes-bio","status":"publish","type":"page","link":"https:\/\/paniersirigny.fr\/index.php\/agrumes-bio\/","title":{"rendered":"Agrumes BIO : Au jardin de la Testa"},"content":{"rendered":"\n<p>L&#8217;EARL de Cirione est une exploitation agricole situ\u00e9e au sud de la Corse. D\u00e9nomm\u00e9e &#8220;Au Jardin de la Testa&#8221;, la ferme de Jean-Jacques Laurent propose des agrumes et autres fruits et l\u00e9gumes certifi\u00e9s en Agriculture Biologique.<\/p>\n\n\n<div class=\"wp-block-image\">\n<figure class=\"aligncenter size-full\"><img loading=\"lazy\" decoding=\"async\" width=\"524\" height=\"450\" src=\"https:\/\/paniersirigny.fr\/wp-content\/uploads\/2023\/08\/id_agrumes.png\" alt=\"\" class=\"wp-image-1184\" srcset=\"https:\/\/paniersirigny.fr\/wp-content\/uploads\/2023\/08\/id_agrumes.png 524w, https:\/\/paniersirigny.fr\/wp-content\/uploads\/2023\/08\/id_agrumes-300x258.png 300w\" sizes=\"auto, (max-width: 524px) 100vw, 524px\" \/><\/figure>\n<\/div>\n\n\n<figure class=\"wp-block-gallery has-nested-images columns-default is-cropped wp-block-gallery-1 is-layout-flex wp-block-gallery-is-layout-flex\">\n<figure class=\"wp-block-image\"><img loading=\"lazy\" decoding=\"async\" width=\"768\" height=\"1024\" data-id=\"952\" src=\"https:\/\/paniersirigny.fr\/wp-content\/uploads\/2019\/09\/OROVAL-3-768x1024.png\" alt=\"\" class=\"wp-image-952\" srcset=\"https:\/\/paniersirigny.fr\/wp-content\/uploads\/2019\/09\/OROVAL-3-768x1024.png 768w, https:\/\/paniersirigny.fr\/wp-content\/uploads\/2019\/09\/OROVAL-3-225x300.png 225w, https:\/\/paniersirigny.fr\/wp-content\/uploads\/2019\/09\/OROVAL-3.png 1536w\" sizes=\"auto, (max-width: 768px) 100vw, 768px\" \/><\/figure>\n\n\n\n<figure class=\"wp-block-image\"><img loading=\"lazy\" decoding=\"async\" width=\"1024\" height=\"726\" data-id=\"584\" src=\"https:\/\/paniersirigny.fr\/wp-content\/uploads\/2019\/08\/1-1024x726.png\" alt=\"\" class=\"wp-image-584\" srcset=\"https:\/\/paniersirigny.fr\/wp-content\/uploads\/2019\/08\/1-1024x726.png 1024w, https:\/\/paniersirigny.fr\/wp-content\/uploads\/2019\/08\/1-300x213.png 300w, https:\/\/paniersirigny.fr\/wp-content\/uploads\/2019\/08\/1-768x544.png 768w, https:\/\/paniersirigny.fr\/wp-content\/uploads\/2019\/08\/1.png 1565w\" sizes=\"auto, (max-width: 1024px) 100vw, 1024px\" \/><\/figure>\n\n\n\n<figure class=\"wp-block-image\"><img loading=\"lazy\" decoding=\"async\" width=\"768\" height=\"1024\" data-id=\"951\" src=\"https:\/\/paniersirigny.fr\/wp-content\/uploads\/2019\/09\/CUEILLETTE-DEC-2016-3-768x1024.png\" alt=\"\" class=\"wp-image-951\" srcset=\"https:\/\/paniersirigny.fr\/wp-content\/uploads\/2019\/09\/CUEILLETTE-DEC-2016-3-768x1024.png 768w, https:\/\/paniersirigny.fr\/wp-content\/uploads\/2019\/09\/CUEILLETTE-DEC-2016-3-225x300.png 225w, https:\/\/paniersirigny.fr\/wp-content\/uploads\/2019\/09\/CUEILLETTE-DEC-2016-3.png 1536w\" sizes=\"auto, (max-width: 768px) 100vw, 768px\" \/><\/figure>\n<\/figure>\n\n\n\n<p>La ferme, localis\u00e9e sur un ancien lit de rivi\u00e8re, comporte 28 hectares avec un sol plut\u00f4t l\u00e9ger : sablonneux en profondeur et argilo-limoneux en surface, avec un fort pourcentage de galets. Les fruits et l\u00e9gumes produits ont une saveur qui \u00e9mane de ce terroir.<\/p>\n\n\n\n<p>Au Jardin de la Testa produit des agrumes : cl\u00e9mentines, citrons, pomelos, oranges, des p\u00eaches et des nectarines, ainsi que des l\u00e9gumes. Certains fruits sont transform\u00e9s pour produire des jus de fruits. Les produits sont commercialis\u00e9s en vente directe, et notamment via quelques AMAP comme les Paniers d&#8217;Irigny.<\/p>\n\n\n<div class=\"wp-block-image\">\n<figure class=\"aligncenter is-resized\"><img loading=\"lazy\" decoding=\"async\" src=\"http:\/\/paniersirigny.fr\/wp-content\/uploads\/2019\/09\/Sans-titre.jpg\" alt=\"\" class=\"wp-image-953\" style=\"width:312px;height:309px\" width=\"312\" height=\"309\" srcset=\"https:\/\/paniersirigny.fr\/wp-content\/uploads\/2019\/09\/Sans-titre.jpg 477w, https:\/\/paniersirigny.fr\/wp-content\/uploads\/2019\/09\/Sans-titre-150x150.jpg 150w, https:\/\/paniersirigny.fr\/wp-content\/uploads\/2019\/09\/Sans-titre-300x297.jpg 300w\" sizes=\"auto, (max-width: 312px) 100vw, 312px\" \/><figcaption class=\"wp-element-caption\">Jean-Jacques Laurent<\/figcaption><\/figure>\n<\/div>\n\n\n<p class=\"has-text-align-center\">Pour plus d&#8217;infos, RDV sur leur site : <a rel=\"noreferrer noopener\" aria-label=\"https:\/\/www.aujardindelatesta.fr\/ (s\u2019ouvre dans un nouvel onglet)\" href=\"https:\/\/www.aujardindelatesta.fr\/\" target=\"_blank\">https:\/\/www.aujardindelatesta.fr\/<\/a><br>Suivez leurs actualit\u00e9s sur leur <a rel=\"noreferrer noopener\" aria-label=\"page Facebook (s\u2019ouvre dans un nouvel onglet)\" href=\"https:\/\/www.facebook.com\/pg\/Cl%C3%A9mentines-corses-bio-125451267520175\/about\/?ref=page_internal\" target=\"_blank\">page Facebook<\/a><\/p>\n","protected":false},"excerpt":{"rendered":"<p>L&#8217;EARL de Cirione est une exploitation agricole situ\u00e9e au sud de la Corse. D\u00e9nomm\u00e9e &#8220;Au Jardin de la Testa&#8221;, la ferme de Jean-Jacques Laurent propose des agrumes et autres fruits et l\u00e9gumes certifi\u00e9s en Agriculture Biologique. La ferme, localis\u00e9e sur<\/p>\n","protected":false},"author":1,"featured_media":0,"parent":0,"menu_order":0,"comment_status":"closed","ping_status":"closed","template":"","meta":{"footnotes":""},"class_list":["post-39","page","type-page","status-publish","hentry"],"_links":{"self":[{"href":"https:\/\/paniersirigny.fr\/index.php\/wp-json\/wp\/v2\/pages\/39","targetHints":{"allow":["GET"]}}],"collection":[{"href":"https:\/\/paniersirigny.fr\/index.php\/wp-json\/wp\/v2\/pages"}],"about":[{"href":"https:\/\/paniersirigny.fr\/index.php\/wp-json\/wp\/v2\/types\/page"}],"author":[{"embeddable":true,"href":"https:\/\/paniersirigny.fr\/index.php\/wp-json\/wp\/v2\/users\/1"}],"replies":[{"embeddable":true,"href":"https:\/\/paniersirigny.fr\/index.php\/wp-json\/wp\/v2\/comments?post=39"}],"version-history":[{"count":6,"href":"https:\/\/paniersirigny.fr\/index.php\/wp-json\/wp\/v2\/pages\/39\/revisions"}],"predecessor-version":[{"id":1185,"href":"https:\/\/paniersirigny.fr\/index.php\/wp-json\/wp\/v2\/pages\/39\/revisions\/1185"}],"wp:attachment":[{"href":"https:\/\/paniersirigny.fr\/index.php\/wp-json\/wp\/v2\/media?parent=39"}],"curies":[{"name":"wp","href":"https:\/\/api.w.org\/{rel}","templated":true}]}}