{"id":37,"date":"2019-07-23T16:32:22","date_gmt":"2019-07-23T14:32:22","guid":{"rendered":"http:\/\/paniersirigny.fr\/?page_id=37"},"modified":"2024-03-20T08:19:19","modified_gmt":"2024-03-20T07:19:19","slug":"poulet-bio","status":"publish","type":"page","link":"https:\/\/paniersirigny.fr\/index.php\/poulet-bio\/","title":{"rendered":"Poulet BIO : Ferme P4"},"content":{"rendered":"\n<p>La ferme P4 a \u00e9t\u00e9 cr\u00e9\u00e9e en 2017 par Beno\u00eet Termeau et produit actuellement des volailles de chair certifi\u00e9es en Agriculture Biologique. Elle a \u00e9galement vocation \u00e0 accueillir des \u00e9v\u00e9nements sociaux-culturels li\u00e9s entre autre au cirque.<\/p>\n\n\n\n<figure class=\"wp-block-image\"><img loading=\"lazy\" decoding=\"async\" width=\"532\" height=\"446\" src=\"http:\/\/paniersirigny.fr\/wp-content\/uploads\/2019\/08\/id_poulets-1.png\" alt=\"\" class=\"wp-image-506\" srcset=\"https:\/\/paniersirigny.fr\/wp-content\/uploads\/2019\/08\/id_poulets-1.png 532w, https:\/\/paniersirigny.fr\/wp-content\/uploads\/2019\/08\/id_poulets-1-300x252.png 300w\" sizes=\"auto, (max-width: 532px) 100vw, 532px\" \/><\/figure>\n\n\n\n<figure class=\"wp-block-gallery has-nested-images columns-default is-cropped wp-block-gallery-1 is-layout-flex wp-block-gallery-is-layout-flex\">\n<figure class=\"wp-block-image\"><img loading=\"lazy\" decoding=\"async\" width=\"1024\" height=\"768\" data-id=\"452\" src=\"https:\/\/paniersirigny.fr\/wp-content\/uploads\/2019\/08\/20180325_130001-1024x768.jpg\" alt=\"\" class=\"wp-image-452\" srcset=\"https:\/\/paniersirigny.fr\/wp-content\/uploads\/2019\/08\/20180325_130001-1024x768.jpg 1024w, https:\/\/paniersirigny.fr\/wp-content\/uploads\/2019\/08\/20180325_130001-300x225.jpg 300w, https:\/\/paniersirigny.fr\/wp-content\/uploads\/2019\/08\/20180325_130001-768x576.jpg 768w\" sizes=\"auto, (max-width: 1024px) 100vw, 1024px\" \/><\/figure>\n\n\n\n<figure class=\"wp-block-image\"><img loading=\"lazy\" decoding=\"async\" width=\"1024\" height=\"678\" data-id=\"454\" src=\"https:\/\/paniersirigny.fr\/wp-content\/uploads\/2019\/08\/IMGP8422-1024x678.jpg\" alt=\"\" class=\"wp-image-454\" srcset=\"https:\/\/paniersirigny.fr\/wp-content\/uploads\/2019\/08\/IMGP8422-1024x678.jpg 1024w, https:\/\/paniersirigny.fr\/wp-content\/uploads\/2019\/08\/IMGP8422-300x199.jpg 300w, https:\/\/paniersirigny.fr\/wp-content\/uploads\/2019\/08\/IMGP8422-768x509.jpg 768w\" sizes=\"auto, (max-width: 1024px) 100vw, 1024px\" \/><\/figure>\n\n\n\n<figure class=\"wp-block-image\"><img loading=\"lazy\" decoding=\"async\" width=\"1024\" height=\"678\" data-id=\"456\" src=\"https:\/\/paniersirigny.fr\/wp-content\/uploads\/2019\/08\/IMGP8429-1024x678.jpg\" alt=\"\" class=\"wp-image-456\" srcset=\"https:\/\/paniersirigny.fr\/wp-content\/uploads\/2019\/08\/IMGP8429-1024x678.jpg 1024w, https:\/\/paniersirigny.fr\/wp-content\/uploads\/2019\/08\/IMGP8429-300x199.jpg 300w, https:\/\/paniersirigny.fr\/wp-content\/uploads\/2019\/08\/IMGP8429-768x509.jpg 768w\" sizes=\"auto, (max-width: 1024px) 100vw, 1024px\" \/><\/figure>\n<\/figure>\n\n\n\n<p>H\u00e9berg\u00e9 par un agriculteur de Chazelles-sur-Lyon via l&#8217;association couveuse Etamine, Benoit Termeau b\u00e9n\u00e9ficie de 1,72 hectares pour tester son activit\u00e9 avant de s&#8217;installer officiellement en 2020.  <\/p>\n\n\n\n<p>Il produit environ 1500-2000 poulets de chair (cous nus) \u00e0 l\u2019ann\u00e9e soit 150 \u00e0 200 poulets par b\u00e2timent. Au niveau de l\u2019alimentation, les poulets sont nourris avec un aliment certifi\u00e9 AB et ils profitent de parcours ext\u00e9rieurs herbag\u00e9s. L\u2019exploitant se fournit aupr\u00e8s d&#8217;un laboratoire Bio pour soigner ses volailles en pr\u00e9ventif : plantes et pr\u00e9parations ferment\u00e9es.<\/p>\n\n\n\n<p>La ferme P4 propose des poulets entiers pr\u00eats \u00e0 cuire ainsi que des d\u00e9coupes (filets, ailes, cuisses) sous vide. Ces produits sont commercialis\u00e9s en vente directe aupr\u00e8s de particuliers, d&#8217;\u00e9piceries Bio (<a rel=\"noreferrer noopener\" aria-label=\"r\u00e9seau GRAP (s\u2019ouvre dans un nouvel onglet)\" href=\"http:\/\/www.grap.coop\/\" target=\"_blank\">r\u00e9seau GRAP<\/a>) et aupr\u00e8s de 2 AMAP dont les Paniers d&#8217;Irigny.<\/p>\n\n\n\n<figure class=\"wp-block-image\"><img loading=\"lazy\" decoding=\"async\" width=\"1024\" height=\"678\" src=\"http:\/\/paniersirigny.fr\/wp-content\/uploads\/2019\/08\/IMGP8417-1024x678.jpg\" alt=\"\" class=\"wp-image-460\" srcset=\"https:\/\/paniersirigny.fr\/wp-content\/uploads\/2019\/08\/IMGP8417-1024x678.jpg 1024w, https:\/\/paniersirigny.fr\/wp-content\/uploads\/2019\/08\/IMGP8417-300x199.jpg 300w, https:\/\/paniersirigny.fr\/wp-content\/uploads\/2019\/08\/IMGP8417-768x509.jpg 768w\" sizes=\"auto, (max-width: 1024px) 100vw, 1024px\" \/><figcaption class=\"wp-element-caption\">Benoit Termeau et S\u00e9bastien Mouton<\/figcaption><\/figure>\n\n\n\n<p class=\"has-text-align-center\">Retrouvez ses actualit\u00e9s sur sa <a href=\"https:\/\/www.facebook.com\/pg\/Ferme-P4-1271541506308137\/about\/?ref=page_internal\" target=\"_blank\" rel=\"noreferrer noopener\" aria-label=\"page Facebook (s\u2019ouvre dans un nouvel onglet)\">page Facebook<\/a><\/p>\n","protected":false},"excerpt":{"rendered":"<p>La ferme P4 a \u00e9t\u00e9 cr\u00e9\u00e9e en 2017 par Beno\u00eet Termeau et produit actuellement des volailles de chair certifi\u00e9es en Agriculture Biologique. Elle a \u00e9galement vocation \u00e0 accueillir des \u00e9v\u00e9nements sociaux-culturels li\u00e9s entre autre au cirque. H\u00e9berg\u00e9 par un agriculteur<\/p>\n","protected":false},"author":1,"featured_media":0,"parent":0,"menu_order":0,"comment_status":"closed","ping_status":"closed","template":"","meta":{"footnotes":""},"class_list":["post-37","page","type-page","status-publish","hentry"],"_links":{"self":[{"href":"https:\/\/paniersirigny.fr\/index.php\/wp-json\/wp\/v2\/pages\/37","targetHints":{"allow":["GET"]}}],"collection":[{"href":"https:\/\/paniersirigny.fr\/index.php\/wp-json\/wp\/v2\/pages"}],"about":[{"href":"https:\/\/paniersirigny.fr\/index.php\/wp-json\/wp\/v2\/types\/page"}],"author":[{"embeddable":true,"href":"https:\/\/paniersirigny.fr\/index.php\/wp-json\/wp\/v2\/users\/1"}],"replies":[{"embeddable":true,"href":"https:\/\/paniersirigny.fr\/index.php\/wp-json\/wp\/v2\/comments?post=37"}],"version-history":[{"count":17,"href":"https:\/\/paniersirigny.fr\/index.php\/wp-json\/wp\/v2\/pages\/37\/revisions"}],"predecessor-version":[{"id":1213,"href":"https:\/\/paniersirigny.fr\/index.php\/wp-json\/wp\/v2\/pages\/37\/revisions\/1213"}],"wp:attachment":[{"href":"https:\/\/paniersirigny.fr\/index.php\/wp-json\/wp\/v2\/media?parent=37"}],"curies":[{"name":"wp","href":"https:\/\/api.w.org\/{rel}","templated":true}]}}