{"id":35,"date":"2019-07-23T16:31:39","date_gmt":"2019-07-23T14:31:39","guid":{"rendered":"http:\/\/paniersirigny.fr\/?page_id=35"},"modified":"2023-08-30T15:37:41","modified_gmt":"2023-08-30T13:37:41","slug":"fromage-chevre","status":"publish","type":"page","link":"https:\/\/paniersirigny.fr\/index.php\/fromage-chevre\/","title":{"rendered":"Fromage de ch\u00e8vre : La ferme des Ruminettes"},"content":{"rendered":"\n<p>Install\u00e9e depuis 2017 \u00e0 St Martin la Plaine, la Ferme des Ruminettes en conversion vers l&#8217;Agriculture Biologique, comprend un \u00e9levage de ch\u00e8vres et de brebis, associ\u00e9 \u00e0 une fromagerie.<\/p>\n\n\n<div class=\"wp-block-image\">\n<figure class=\"aligncenter size-full\"><img loading=\"lazy\" decoding=\"async\" width=\"904\" height=\"754\" src=\"https:\/\/paniersirigny.fr\/wp-content\/uploads\/2023\/08\/Capture.jpg\" alt=\"\" class=\"wp-image-1196\" srcset=\"https:\/\/paniersirigny.fr\/wp-content\/uploads\/2023\/08\/Capture.jpg 904w, https:\/\/paniersirigny.fr\/wp-content\/uploads\/2023\/08\/Capture-300x250.jpg 300w, https:\/\/paniersirigny.fr\/wp-content\/uploads\/2023\/08\/Capture-768x641.jpg 768w\" sizes=\"auto, (max-width: 904px) 100vw, 904px\" \/><\/figure>\n<\/div>\n\n\n<figure class=\"wp-block-gallery has-nested-images columns-default is-cropped wp-block-gallery-1 is-layout-flex wp-block-gallery-is-layout-flex\">\n<figure class=\"wp-block-image\"><img loading=\"lazy\" decoding=\"async\" width=\"1024\" height=\"576\" data-id=\"594\" src=\"https:\/\/paniersirigny.fr\/wp-content\/uploads\/2019\/08\/44758239_2144654315596941_1451837016361664512_o-1024x576.jpg\" alt=\"\" class=\"wp-image-594\" srcset=\"https:\/\/paniersirigny.fr\/wp-content\/uploads\/2019\/08\/44758239_2144654315596941_1451837016361664512_o-1024x576.jpg 1024w, https:\/\/paniersirigny.fr\/wp-content\/uploads\/2019\/08\/44758239_2144654315596941_1451837016361664512_o-300x169.jpg 300w, https:\/\/paniersirigny.fr\/wp-content\/uploads\/2019\/08\/44758239_2144654315596941_1451837016361664512_o-768x432.jpg 768w, https:\/\/paniersirigny.fr\/wp-content\/uploads\/2019\/08\/44758239_2144654315596941_1451837016361664512_o.jpg 1440w\" sizes=\"auto, (max-width: 1024px) 100vw, 1024px\" \/><\/figure>\n\n\n\n<figure class=\"wp-block-image\"><img loading=\"lazy\" decoding=\"async\" width=\"1024\" height=\"569\" data-id=\"593\" src=\"https:\/\/paniersirigny.fr\/wp-content\/uploads\/2019\/08\/32831318_1915320331863675_2989780589340524544_o-1024x569.jpg\" alt=\"\" class=\"wp-image-593\" srcset=\"https:\/\/paniersirigny.fr\/wp-content\/uploads\/2019\/08\/32831318_1915320331863675_2989780589340524544_o-1024x569.jpg 1024w, https:\/\/paniersirigny.fr\/wp-content\/uploads\/2019\/08\/32831318_1915320331863675_2989780589340524544_o-300x167.jpg 300w, https:\/\/paniersirigny.fr\/wp-content\/uploads\/2019\/08\/32831318_1915320331863675_2989780589340524544_o-768x427.jpg 768w, https:\/\/paniersirigny.fr\/wp-content\/uploads\/2019\/08\/32831318_1915320331863675_2989780589340524544_o.jpg 1440w\" sizes=\"auto, (max-width: 1024px) 100vw, 1024px\" \/><\/figure>\n\n\n\n<figure class=\"wp-block-image\"><img loading=\"lazy\" decoding=\"async\" width=\"1024\" height=\"576\" data-id=\"595\" src=\"https:\/\/paniersirigny.fr\/wp-content\/uploads\/2019\/08\/46918714_2198060916922947_3478784430129020928_o-1024x576.jpg\" alt=\"\" class=\"wp-image-595\" srcset=\"https:\/\/paniersirigny.fr\/wp-content\/uploads\/2019\/08\/46918714_2198060916922947_3478784430129020928_o-1024x576.jpg 1024w, https:\/\/paniersirigny.fr\/wp-content\/uploads\/2019\/08\/46918714_2198060916922947_3478784430129020928_o-300x169.jpg 300w, https:\/\/paniersirigny.fr\/wp-content\/uploads\/2019\/08\/46918714_2198060916922947_3478784430129020928_o-768x432.jpg 768w, https:\/\/paniersirigny.fr\/wp-content\/uploads\/2019\/08\/46918714_2198060916922947_3478784430129020928_o.jpg 1440w\" sizes=\"auto, (max-width: 1024px) 100vw, 1024px\" \/><\/figure>\n<\/figure>\n\n\n\n<p>Situ\u00e9e sur les hauteurs de St Martin la Plaine, l&#8217;exploitation s&#8217;\u00e9tend sur &#8230; hectares. Am\u00e9lie et Xavier Roudil \u00e9l\u00e8vent en plein air, une quarantaine de ch\u00e8vres du Massif Central, ainsi que plus de 200 brebis. La ferme accueille aussi quelques vaches, cochons, poneys et poules, et propose des balades avec les ch\u00e8vres sur les chemins du cr\u00eat.<\/p>\n\n\n\n<p>Le lait produit est transform\u00e9 sur la ferme en fromages frais, secs et fromages blancs. Le couple propose \u00e9galement de la viande d&#8217;agneau et de cabri vendues en caissettes. Ces produits sont commercialis\u00e9s en vente directe sur la ferme, sur les march\u00e9s, via des commerces locaux et aupr\u00e8s de plusieurs AMAP dont les Paniers d&#8217;Irigny.<\/p>\n\n\n\n<figure class=\"wp-block-image\"><img loading=\"lazy\" decoding=\"async\" width=\"960\" height=\"720\" src=\"http:\/\/paniersirigny.fr\/wp-content\/uploads\/2019\/08\/57070881_2396888810373489_2318536858071465984_n.jpg\" alt=\"\" class=\"wp-image-605\" srcset=\"https:\/\/paniersirigny.fr\/wp-content\/uploads\/2019\/08\/57070881_2396888810373489_2318536858071465984_n.jpg 960w, https:\/\/paniersirigny.fr\/wp-content\/uploads\/2019\/08\/57070881_2396888810373489_2318536858071465984_n-300x225.jpg 300w, https:\/\/paniersirigny.fr\/wp-content\/uploads\/2019\/08\/57070881_2396888810373489_2318536858071465984_n-768x576.jpg 768w\" sizes=\"auto, (max-width: 960px) 100vw, 960px\" \/><figcaption class=\"wp-element-caption\">Am\u00e9lie Roudil<\/figcaption><\/figure>\n\n\n\n<p class=\"has-text-align-center\">Retrouvez leurs actualit\u00e9s sur leur <a href=\"https:\/\/www.facebook.com\/pg\/fermedeshirondelles01\/about\/?ref=page_internal\" target=\"_blank\" rel=\"noreferrer noopener\" aria-label=\"page Facebook (s\u2019ouvre dans un nouvel onglet)\">page Facebook<\/a><\/p>\n","protected":false},"excerpt":{"rendered":"<p>Install\u00e9e depuis 2017 \u00e0 St Martin la Plaine, la Ferme des Ruminettes en conversion vers l&#8217;Agriculture Biologique, comprend un \u00e9levage de ch\u00e8vres et de brebis, associ\u00e9 \u00e0 une fromagerie. Situ\u00e9e sur les hauteurs de St Martin la Plaine, l&#8217;exploitation s&#8217;\u00e9tend<\/p>\n","protected":false},"author":1,"featured_media":0,"parent":0,"menu_order":0,"comment_status":"closed","ping_status":"closed","template":"","meta":{"footnotes":""},"class_list":["post-35","page","type-page","status-publish","hentry"],"_links":{"self":[{"href":"https:\/\/paniersirigny.fr\/index.php\/wp-json\/wp\/v2\/pages\/35","targetHints":{"allow":["GET"]}}],"collection":[{"href":"https:\/\/paniersirigny.fr\/index.php\/wp-json\/wp\/v2\/pages"}],"about":[{"href":"https:\/\/paniersirigny.fr\/index.php\/wp-json\/wp\/v2\/types\/page"}],"author":[{"embeddable":true,"href":"https:\/\/paniersirigny.fr\/index.php\/wp-json\/wp\/v2\/users\/1"}],"replies":[{"embeddable":true,"href":"https:\/\/paniersirigny.fr\/index.php\/wp-json\/wp\/v2\/comments?post=35"}],"version-history":[{"count":15,"href":"https:\/\/paniersirigny.fr\/index.php\/wp-json\/wp\/v2\/pages\/35\/revisions"}],"predecessor-version":[{"id":1198,"href":"https:\/\/paniersirigny.fr\/index.php\/wp-json\/wp\/v2\/pages\/35\/revisions\/1198"}],"wp:attachment":[{"href":"https:\/\/paniersirigny.fr\/index.php\/wp-json\/wp\/v2\/media?parent=35"}],"curies":[{"name":"wp","href":"https:\/\/api.w.org\/{rel}","templated":true}]}}