{"id":33,"date":"2019-07-23T16:30:44","date_gmt":"2019-07-23T14:30:44","guid":{"rendered":"http:\/\/paniersirigny.fr\/?page_id=33"},"modified":"2023-08-30T16:01:03","modified_gmt":"2023-08-30T14:01:03","slug":"poisson-bio","status":"publish","type":"page","link":"https:\/\/paniersirigny.fr\/index.php\/poisson-bio\/","title":{"rendered":"Poisson BIO : Pisciculture du Moulin de la Charme"},"content":{"rendered":"\n<p class=\"has-text-align-left\">Reprise en 2010 par Ga\u00ebtan Bruchet, la pisciculture du Moulin de la Charme produit d\u00e9sormais des poissons de rivi\u00e8re certifi\u00e9s en Agriculture Biologique. La pisciculture propose \u00e9galement des produits transform\u00e9s et deux bassins accessibles \u00e0 la p\u00eache.<br><\/p>\n\n\n<div class=\"wp-block-image\">\n<figure class=\"aligncenter size-full\"><img loading=\"lazy\" decoding=\"async\" width=\"539\" height=\"452\" src=\"https:\/\/paniersirigny.fr\/wp-content\/uploads\/2023\/08\/id_poisson.png\" alt=\"\" class=\"wp-image-1211\" srcset=\"https:\/\/paniersirigny.fr\/wp-content\/uploads\/2023\/08\/id_poisson.png 539w, https:\/\/paniersirigny.fr\/wp-content\/uploads\/2023\/08\/id_poisson-300x252.png 300w\" sizes=\"auto, (max-width: 539px) 100vw, 539px\" \/><\/figure>\n<\/div>\n\n\n<figure class=\"wp-block-gallery has-nested-images columns-default is-cropped wp-block-gallery-1 is-layout-flex wp-block-gallery-is-layout-flex\">\n<figure class=\"wp-block-image\"><img loading=\"lazy\" decoding=\"async\" width=\"960\" height=\"540\" data-id=\"510\" src=\"https:\/\/paniersirigny.fr\/wp-content\/uploads\/2019\/08\/1557492_625906560790300_1470113516_n.jpg\" alt=\"\" class=\"wp-image-510\" srcset=\"https:\/\/paniersirigny.fr\/wp-content\/uploads\/2019\/08\/1557492_625906560790300_1470113516_n.jpg 960w, https:\/\/paniersirigny.fr\/wp-content\/uploads\/2019\/08\/1557492_625906560790300_1470113516_n-300x169.jpg 300w, https:\/\/paniersirigny.fr\/wp-content\/uploads\/2019\/08\/1557492_625906560790300_1470113516_n-768x432.jpg 768w\" sizes=\"auto, (max-width: 960px) 100vw, 960px\" \/><\/figure>\n\n\n\n<figure class=\"wp-block-image\"><img loading=\"lazy\" decoding=\"async\" width=\"1024\" height=\"768\" data-id=\"512\" src=\"https:\/\/paniersirigny.fr\/wp-content\/uploads\/2019\/08\/12322435_945174298863523_4865313185744884589_o-1024x768.jpg\" alt=\"\" class=\"wp-image-512\" srcset=\"https:\/\/paniersirigny.fr\/wp-content\/uploads\/2019\/08\/12322435_945174298863523_4865313185744884589_o.jpg 1024w, https:\/\/paniersirigny.fr\/wp-content\/uploads\/2019\/08\/12322435_945174298863523_4865313185744884589_o-300x225.jpg 300w, https:\/\/paniersirigny.fr\/wp-content\/uploads\/2019\/08\/12322435_945174298863523_4865313185744884589_o-768x576.jpg 768w\" sizes=\"auto, (max-width: 1024px) 100vw, 1024px\" \/><\/figure>\n\n\n\n<figure class=\"wp-block-image\"><img loading=\"lazy\" decoding=\"async\" width=\"1024\" height=\"768\" data-id=\"513\" src=\"https:\/\/paniersirigny.fr\/wp-content\/uploads\/2019\/08\/892997_601482186566071_232229174_o-1024x768.jpg\" alt=\"\" class=\"wp-image-513\" srcset=\"https:\/\/paniersirigny.fr\/wp-content\/uploads\/2019\/08\/892997_601482186566071_232229174_o-1024x768.jpg 1024w, https:\/\/paniersirigny.fr\/wp-content\/uploads\/2019\/08\/892997_601482186566071_232229174_o-300x225.jpg 300w, https:\/\/paniersirigny.fr\/wp-content\/uploads\/2019\/08\/892997_601482186566071_232229174_o-768x576.jpg 768w, https:\/\/paniersirigny.fr\/wp-content\/uploads\/2019\/08\/892997_601482186566071_232229174_o.jpg 2048w\" sizes=\"auto, (max-width: 1024px) 100vw, 1024px\" \/><\/figure>\n<\/figure>\n\n\n\n<p>Situ\u00e9e \u00e0 Puy-Guillaume, dans le d\u00e9partement du Puy-de-D\u00f4me, aux portes du parc naturel r\u00e9gional Livradois-Forez, la pisciculture du Moulin de la Charme \u00e9l\u00e8ve des truites arc-en-ciel, des truites fario et des saumons de fontaine. La pisciculture travaillant dans le respect de l&#8217;environnement et du bien-\u00eatre des poissons, ses produits sont certifi\u00e9s en Agriculture Biologique. <\/p>\n\n\n\n<p>Le pisciculteur met \u00e9galement a disposition deux bassins de p\u00eache \u00e0 la ligne sans carte, avec du mat\u00e9riel de p\u00eache et des app\u00e2ts pour les plus courageux. Une fois la partie de p\u00eache termin\u00e9e, les p\u00eacheurs paient le poisson au kilo. <\/p>\n\n\n\n<p>Ga\u00ebtan Bruchet propose ses truites et saumons entiers, au d\u00e9tail ou en gros, ou encore en filets fum\u00e9s ou bien en rillettes. Ces produits sont commercialis\u00e9s en vente directe sur la pisciculture, aupr\u00e8s de poissonneries et restaurateurs, et en circuit-court via \u00e0 de nombreuses AMAP de la r\u00e9gion dont les Paniers d&#8217;Irigny.<\/p>\n\n\n\n<figure class=\"wp-block-image\"><img loading=\"lazy\" decoding=\"async\" width=\"1024\" height=\"749\" src=\"http:\/\/paniersirigny.fr\/wp-content\/uploads\/2019\/08\/10321706_691259154255040_1884907170950715392_o-1024x749.jpg\" alt=\"\" class=\"wp-image-514\" srcset=\"https:\/\/paniersirigny.fr\/wp-content\/uploads\/2019\/08\/10321706_691259154255040_1884907170950715392_o.jpg 1024w, https:\/\/paniersirigny.fr\/wp-content\/uploads\/2019\/08\/10321706_691259154255040_1884907170950715392_o-300x219.jpg 300w, https:\/\/paniersirigny.fr\/wp-content\/uploads\/2019\/08\/10321706_691259154255040_1884907170950715392_o-768x562.jpg 768w\" sizes=\"auto, (max-width: 1024px) 100vw, 1024px\" \/><figcaption class=\"wp-element-caption\">Ga\u00ebtan Bruchet<\/figcaption><\/figure>\n\n\n\n<p class=\"has-text-align-center\">Retrouvez ses actualit\u00e9s sur sa <a rel=\"noreferrer noopener\" aria-label=\"page Facebook (s\u2019ouvre dans un nouvel onglet)\" href=\"https:\/\/www.facebook.com\/pg\/Pisciculture-Le-Moulin-de-la-Charme-1649072988731274\/about\/?ref=page_internal\" target=\"_blank\">page Facebook<\/a><\/p>\n","protected":false},"excerpt":{"rendered":"<p>Reprise en 2010 par Ga\u00ebtan Bruchet, la pisciculture du Moulin de la Charme produit d\u00e9sormais des poissons de rivi\u00e8re certifi\u00e9s en Agriculture Biologique. La pisciculture propose \u00e9galement des produits transform\u00e9s et deux bassins accessibles \u00e0 la p\u00eache. Situ\u00e9e \u00e0 Puy-Guillaume,<\/p>\n","protected":false},"author":1,"featured_media":0,"parent":0,"menu_order":0,"comment_status":"closed","ping_status":"closed","template":"","meta":{"footnotes":""},"class_list":["post-33","page","type-page","status-publish","hentry"],"_links":{"self":[{"href":"https:\/\/paniersirigny.fr\/index.php\/wp-json\/wp\/v2\/pages\/33","targetHints":{"allow":["GET"]}}],"collection":[{"href":"https:\/\/paniersirigny.fr\/index.php\/wp-json\/wp\/v2\/pages"}],"about":[{"href":"https:\/\/paniersirigny.fr\/index.php\/wp-json\/wp\/v2\/types\/page"}],"author":[{"embeddable":true,"href":"https:\/\/paniersirigny.fr\/index.php\/wp-json\/wp\/v2\/users\/1"}],"replies":[{"embeddable":true,"href":"https:\/\/paniersirigny.fr\/index.php\/wp-json\/wp\/v2\/comments?post=33"}],"version-history":[{"count":6,"href":"https:\/\/paniersirigny.fr\/index.php\/wp-json\/wp\/v2\/pages\/33\/revisions"}],"predecessor-version":[{"id":1212,"href":"https:\/\/paniersirigny.fr\/index.php\/wp-json\/wp\/v2\/pages\/33\/revisions\/1212"}],"wp:attachment":[{"href":"https:\/\/paniersirigny.fr\/index.php\/wp-json\/wp\/v2\/media?parent=33"}],"curies":[{"name":"wp","href":"https:\/\/api.w.org\/{rel}","templated":true}]}}