{"id":31,"date":"2019-07-23T16:29:18","date_gmt":"2019-07-23T14:29:18","guid":{"rendered":"http:\/\/paniersirigny.fr\/?page_id=31"},"modified":"2023-08-30T15:59:24","modified_gmt":"2023-08-30T13:59:24","slug":"pain-farine-bio","status":"publish","type":"page","link":"https:\/\/paniersirigny.fr\/index.php\/pain-farine-bio\/","title":{"rendered":"Pain, Farine BIO : GAEC de la Viry"},"content":{"rendered":"\n<p>Install\u00e9 depuis fin 2011 \u00e0 St Joseph, ce paysan-boulanger cultive des c\u00e9r\u00e9ales de vari\u00e9t\u00e9s anciennes certifi\u00e9es en agriculture biologique pour vous proposer des pains de diff\u00e9rentes sortes,&nbsp;de la farine, des p\u00e2tes, des chaussons aux fruits.<br><\/p>\n\n\n<div class=\"wp-block-image\">\n<figure class=\"aligncenter size-full\"><img loading=\"lazy\" decoding=\"async\" width=\"532\" height=\"452\" src=\"https:\/\/paniersirigny.fr\/wp-content\/uploads\/2023\/08\/id_pain.png\" alt=\"\" class=\"wp-image-1208\" srcset=\"https:\/\/paniersirigny.fr\/wp-content\/uploads\/2023\/08\/id_pain.png 532w, https:\/\/paniersirigny.fr\/wp-content\/uploads\/2023\/08\/id_pain-300x255.png 300w\" sizes=\"auto, (max-width: 532px) 100vw, 532px\" \/><\/figure>\n<\/div>\n\n\n<figure class=\"wp-block-gallery has-nested-images columns-default is-cropped wp-block-gallery-1 is-layout-flex wp-block-gallery-is-layout-flex\">\n<figure class=\"wp-block-image\"><img loading=\"lazy\" decoding=\"async\" width=\"1024\" height=\"678\" data-id=\"826\" src=\"https:\/\/paniersirigny.fr\/wp-content\/uploads\/2019\/09\/IGP6043-1024x678.jpg\" alt=\"\" class=\"wp-image-826\" srcset=\"https:\/\/paniersirigny.fr\/wp-content\/uploads\/2019\/09\/IGP6043-1024x678.jpg 1024w, https:\/\/paniersirigny.fr\/wp-content\/uploads\/2019\/09\/IGP6043-300x199.jpg 300w, https:\/\/paniersirigny.fr\/wp-content\/uploads\/2019\/09\/IGP6043-768x509.jpg 768w\" sizes=\"auto, (max-width: 1024px) 100vw, 1024px\" \/><\/figure>\n\n\n\n<figure class=\"wp-block-image\"><img loading=\"lazy\" decoding=\"async\" width=\"1024\" height=\"676\" data-id=\"827\" src=\"https:\/\/paniersirigny.fr\/wp-content\/uploads\/2019\/09\/Sans-titre-1024x676.png\" alt=\"\" class=\"wp-image-827\" srcset=\"https:\/\/paniersirigny.fr\/wp-content\/uploads\/2019\/09\/Sans-titre-1024x676.png 1024w, https:\/\/paniersirigny.fr\/wp-content\/uploads\/2019\/09\/Sans-titre-300x198.png 300w, https:\/\/paniersirigny.fr\/wp-content\/uploads\/2019\/09\/Sans-titre-768x507.png 768w, https:\/\/paniersirigny.fr\/wp-content\/uploads\/2019\/09\/Sans-titre.png 1107w\" sizes=\"auto, (max-width: 1024px) 100vw, 1024px\" \/><\/figure>\n\n\n\n<figure class=\"wp-block-image\"><img loading=\"lazy\" decoding=\"async\" width=\"923\" height=\"729\" data-id=\"585\" src=\"https:\/\/paniersirigny.fr\/wp-content\/uploads\/2019\/08\/2.png\" alt=\"\" class=\"wp-image-585\" srcset=\"https:\/\/paniersirigny.fr\/wp-content\/uploads\/2019\/08\/2.png 923w, https:\/\/paniersirigny.fr\/wp-content\/uploads\/2019\/08\/2-300x237.png 300w, https:\/\/paniersirigny.fr\/wp-content\/uploads\/2019\/08\/2-768x607.png 768w\" sizes=\"auto, (max-width: 923px) 100vw, 923px\" \/><\/figure>\n<\/figure>\n\n\n\n<p>Toutes les c\u00e9r\u00e9ales (bl\u00e9, seigle, lin&#8230;) sont cultiv\u00e9es sur la ferme \u00e0 Tartaras. La farine T80 est obtenue \u00e0 la ferme gr\u00e2ce \u00e0 un moulin \u00e0 meule de pierre.<\/p>\n\n\n\n<figure class=\"wp-block-table\"><table><tbody><tr><td>Pain Andalou 600g, moul\u00e9<\/td><td><em>&#8220;issu d&#8217;une population de bl\u00e9 trouv\u00e9 dans une ferme \u00e0 S\u00e9ville. Son vrai nom est El Chamorro, il a \u00e9t\u00e9 apport\u00e9 en Espagne par les Maures qui l&#8217;ont laiss\u00e9 lorsqu&#8217;ils ont du fuir l&#8217;Espagne au 15\u00e8me si\u00e8cle.&nbsp;Je suis tr\u00e8s attach\u00e9 \u00e0 ce bl\u00e9 car c&#8217;est lui qui m&#8217;a donn\u00e9 l&#8217;envie de faire ce que je fais aujourd&#8217;hui&#8230;&#8221;<\/em><\/td><\/tr><tr><td>Pain Amidonnier ou \u00e9peautre de Mars<\/td><td><em>&#8220;Anc\u00eatre des autres bl\u00e9s. Un saut dans le temps et la qualit\u00e9 nutritionnelle. Une c\u00e9r\u00e9ale qui n&#8217;a jamais \u00e9t\u00e9 manipul\u00e9e, \u00e0 faible rendement. Plus rare que l&#8217;engrain, je l&#8217;ai trouv\u00e9 en Allemagne o\u00f9 il est cultiv\u00e9 pour fabriquer de la Bi\u00e8re. En Italie, on en fait des p\u00e2tes et des soupes.&#8221;<\/em><\/td><\/tr><tr><td>Pain Petit Epeautre 500g<\/td><td><em>&#8220;Une c\u00e9r\u00e9ale \u00e0 part, tr\u00e8s digeste au go\u00fbt de noisette, qui doit \u00eatre d\u00e9cortiqu\u00e9e avant d&#8217;\u00eatre moulue. Le petit \u00e9peautre repr\u00e9sente ce qui se fait de plus rustique avec l&#8217;amidonnier.&#8221;<\/em><\/td><\/tr><tr><td>Pains bl\u00e9s de pays 800g ou 400g<\/td><td><em>&#8220;Fabriqu\u00e9 \u00e0 partir d&#8217;un m\u00e9lange de plusieurs dizaines de bl\u00e9s s\u00e9lectionn\u00e9s par des paysans avant le 20\u00e8me si\u00e8cle. Les cultiver, c&#8217;est reconna\u00eetre toute leurs valeurs nutritives (tr\u00e8s grande vari\u00e9t\u00e9 de prot\u00e9ines) et l&#8217;\u00e9troite relation qui existait entre eux et les cultivateurs.&#8221;<\/em><\/td><\/tr><tr><td>Pains Seigle 440g et seigle-raisin 300g<\/td><td><em>&#8220;Glan\u00e9 dans une ferme allemande o\u00f9 le pain de seigle est le pain par excellence, ces pains sont fabriqu\u00e9s sur la base d&#8217;une recette allemande aussi.&#8221;<\/em><\/td><\/tr><tr><td>Pain El Dorado 400g<\/td><td><em>&#8220;Un bl\u00e9 dur (au d\u00e9part pour fabriquer les p\u00e2tes) qui se fait doux (facile) au go\u00fbt. Une exclusivit\u00e9, un d\u00e9fi.&#8221;<\/em><\/td><\/tr><tr><td>Pain au lin<\/td><td><em>&#8220;Le lin est une graine ol\u00e9agineuse que je fais tremper une nuit avant de l&#8217;incorporer \u00e0 10% avec une farine de bl\u00e9 paysan. Il est alors assimilable avec ses om\u00e9gas 3.&#8221;<\/em><\/td><\/tr><tr><td>Chaussons aux fruits de saison<\/td><td><em>&#8220;La p\u00e2te est fabriqu\u00e9e avec la farine de bl\u00e9s de pays, de l&#8217;huile d&#8217;olive bio, du sucre de canne bio et du levain. Les fruits bio viennent de chez Sylvie et Pierre Chaudet, arboriculteurs \u00e0 Chagnon.&#8221;<\/em><\/td><\/tr><tr><td>La farine<\/td><td><em>&#8220;Farine T80 moulue la semaine qui pr\u00e9c\u00e8de la distribution&#8221;<\/em><\/td><\/tr><tr><td>Les p\u00e2tes<\/td><td><em>&#8220;Elles sont fabriqu\u00e9es avec de la farine d&#8217;amidonnier sans \u0153ufs et sont s\u00e9ch\u00e9es \u00e0 basse temp\u00e9rature.&#8221;<\/em><\/td><\/tr><\/tbody><\/table><\/figure>\n\n\n\n<p>La panification se fait \u00e0&nbsp;Saint-Joseph, \u00e0 la main sur levain naturel et le pain est cuit dans un four en brique \u00e0 chauffe directe au bois. La production s&#8217;\u00e9tale sur trois fourn\u00e9es hebdomadaires vendues au fournil le jeudi soir et aux AMAP locales dont les Paniers d&#8217;Irigny.<\/p>\n\n\n<div class=\"wp-block-image\">\n<figure class=\"aligncenter is-resized\"><img loading=\"lazy\" decoding=\"async\" src=\"http:\/\/paniersirigny.fr\/wp-content\/uploads\/2019\/09\/IGP6030-1024x678.jpg\" alt=\"\" class=\"wp-image-828\" style=\"width:447px;height:296px\" width=\"447\" height=\"296\" srcset=\"https:\/\/paniersirigny.fr\/wp-content\/uploads\/2019\/09\/IGP6030-1024x678.jpg 1024w, https:\/\/paniersirigny.fr\/wp-content\/uploads\/2019\/09\/IGP6030-300x199.jpg 300w, https:\/\/paniersirigny.fr\/wp-content\/uploads\/2019\/09\/IGP6030-768x509.jpg 768w\" sizes=\"auto, (max-width: 447px) 100vw, 447px\" \/><figcaption class=\"wp-element-caption\">St\u00e9phane Rouv\u00e8s<\/figcaption><\/figure>\n<\/div>\n\n\n<p class=\"has-text-align-center\">Pour en savoir plus, vous pouvez consulter cet article <a href=\"http:\/\/www.agriculturepaysanne.org\/files\/Deplaude-42.pdf\" target=\"_blank\" rel=\"noreferrer noopener\" aria-label=\" (s\u2019ouvre dans un nouvel onglet)\">sur le site de l&#8217;agriculturepaysanne.org<\/a>, ou cette <a rel=\"noreferrer noopener\" aria-label=\"vid\u00e9o (s\u2019ouvre dans un nouvel onglet)\" href=\"https:\/\/crefadloire.org\/un-paysan-boulanger-une-video-a-faire-circuler\/\" target=\"_blank\">vid\u00e9o<\/a><\/p>\n","protected":false},"excerpt":{"rendered":"<p>Install\u00e9 depuis fin 2011 \u00e0 St Joseph, ce paysan-boulanger cultive des c\u00e9r\u00e9ales de vari\u00e9t\u00e9s anciennes certifi\u00e9es en agriculture biologique pour vous proposer des pains de diff\u00e9rentes sortes,&nbsp;de la farine, des p\u00e2tes, des chaussons aux fruits. Toutes les c\u00e9r\u00e9ales (bl\u00e9, seigle,<\/p>\n","protected":false},"author":1,"featured_media":0,"parent":0,"menu_order":0,"comment_status":"closed","ping_status":"closed","template":"","meta":{"footnotes":""},"class_list":["post-31","page","type-page","status-publish","hentry"],"_links":{"self":[{"href":"https:\/\/paniersirigny.fr\/index.php\/wp-json\/wp\/v2\/pages\/31","targetHints":{"allow":["GET"]}}],"collection":[{"href":"https:\/\/paniersirigny.fr\/index.php\/wp-json\/wp\/v2\/pages"}],"about":[{"href":"https:\/\/paniersirigny.fr\/index.php\/wp-json\/wp\/v2\/types\/page"}],"author":[{"embeddable":true,"href":"https:\/\/paniersirigny.fr\/index.php\/wp-json\/wp\/v2\/users\/1"}],"replies":[{"embeddable":true,"href":"https:\/\/paniersirigny.fr\/index.php\/wp-json\/wp\/v2\/comments?post=31"}],"version-history":[{"count":14,"href":"https:\/\/paniersirigny.fr\/index.php\/wp-json\/wp\/v2\/pages\/31\/revisions"}],"predecessor-version":[{"id":1210,"href":"https:\/\/paniersirigny.fr\/index.php\/wp-json\/wp\/v2\/pages\/31\/revisions\/1210"}],"wp:attachment":[{"href":"https:\/\/paniersirigny.fr\/index.php\/wp-json\/wp\/v2\/media?parent=31"}],"curies":[{"name":"wp","href":"https:\/\/api.w.org\/{rel}","templated":true}]}}