{"id":27,"date":"2019-07-23T16:26:42","date_gmt":"2019-07-23T14:26:42","guid":{"rendered":"http:\/\/paniersirigny.fr\/?page_id=27"},"modified":"2023-08-30T15:34:24","modified_gmt":"2023-08-30T13:34:24","slug":"fruits","status":"publish","type":"page","link":"https:\/\/paniersirigny.fr\/index.php\/fruits\/","title":{"rendered":"Fruits : GAEC Jacquet des Presles"},"content":{"rendered":"\n<p>A l&#8217;origine de la cr\u00e9ation des Paniers d&#8217;Irigny, le GAEC Jacquet des Presles est notre producteur tr\u00e8s local de fruits depuis 2012. <\/p>\n\n\n<div class=\"wp-block-image\">\n<figure class=\"aligncenter size-full\"><img loading=\"lazy\" decoding=\"async\" width=\"543\" height=\"457\" src=\"https:\/\/paniersirigny.fr\/wp-content\/uploads\/2023\/08\/id_fruits.png\" alt=\"\" class=\"wp-image-1194\" srcset=\"https:\/\/paniersirigny.fr\/wp-content\/uploads\/2023\/08\/id_fruits.png 543w, https:\/\/paniersirigny.fr\/wp-content\/uploads\/2023\/08\/id_fruits-300x252.png 300w\" sizes=\"auto, (max-width: 543px) 100vw, 543px\" \/><\/figure>\n<\/div>\n\n\n<figure class=\"wp-block-gallery has-nested-images columns-default is-cropped wp-block-gallery-1 is-layout-flex wp-block-gallery-is-layout-flex\">\n<figure class=\"wp-block-image\"><img loading=\"lazy\" decoding=\"async\" width=\"720\" height=\"960\" data-id=\"318\" src=\"https:\/\/paniersirigny.fr\/wp-content\/uploads\/2019\/07\/21032415_1917804021806859_6011022387971848620_n.jpg\" alt=\"\" class=\"wp-image-318\" srcset=\"https:\/\/paniersirigny.fr\/wp-content\/uploads\/2019\/07\/21032415_1917804021806859_6011022387971848620_n.jpg 720w, https:\/\/paniersirigny.fr\/wp-content\/uploads\/2019\/07\/21032415_1917804021806859_6011022387971848620_n-225x300.jpg 225w\" sizes=\"auto, (max-width: 720px) 100vw, 720px\" \/><\/figure>\n\n\n\n<figure class=\"wp-block-image\"><img loading=\"lazy\" decoding=\"async\" width=\"533\" height=\"960\" data-id=\"319\" src=\"https:\/\/paniersirigny.fr\/wp-content\/uploads\/2019\/07\/60358628_2273498336237424_3887072718595555328_n.jpg\" alt=\"\" class=\"wp-image-319\" srcset=\"https:\/\/paniersirigny.fr\/wp-content\/uploads\/2019\/07\/60358628_2273498336237424_3887072718595555328_n.jpg 533w, https:\/\/paniersirigny.fr\/wp-content\/uploads\/2019\/07\/60358628_2273498336237424_3887072718595555328_n-167x300.jpg 167w\" sizes=\"auto, (max-width: 533px) 100vw, 533px\" \/><\/figure>\n\n\n\n<figure class=\"wp-block-image\"><img loading=\"lazy\" decoding=\"async\" width=\"528\" height=\"960\" data-id=\"320\" src=\"https:\/\/paniersirigny.fr\/wp-content\/uploads\/2019\/07\/65275873_2301171640136760_5243777119883886592_n-1.jpg\" alt=\"\" class=\"wp-image-320\" srcset=\"https:\/\/paniersirigny.fr\/wp-content\/uploads\/2019\/07\/65275873_2301171640136760_5243777119883886592_n-1.jpg 528w, https:\/\/paniersirigny.fr\/wp-content\/uploads\/2019\/07\/65275873_2301171640136760_5243777119883886592_n-1-165x300.jpg 165w\" sizes=\"auto, (max-width: 528px) 100vw, 528px\" \/><\/figure>\n<\/figure>\n\n\n\n<p>Situ\u00e9e sur la commune d&#8217;Irigny, l&#8217;exploitation s\u2019\u00e9tend sur 20 hectares. Les cultures sont conduites en agriculture raisonn\u00e9e avec une volont\u00e9 de r\u00e9duire les traitements : d\u00e9sherbage manuel et m\u00e9canique, lutte biologique par ph\u00e9romones sur tous les vergers. Avec l&#8217;aide de l&#8217;association <a href=\"https:\/\/www.arthropologia.org\/\" target=\"_blank\" rel=\"noreferrer noopener\" aria-label=\"Arthropologia (s\u2019ouvre dans un nouvel onglet)\">Arthropologia<\/a>, l&#8217;exploitation a r\u00e9cemment mis en place des haies et des nichoirs pour favoriser la biodiversit\u00e9.<\/p>\n\n\n\n<p>Le GAEC Jacquet des Presles produit une grande diversit\u00e9 de fruits et les transforme en de d\u00e9licieux produits : jus de fruits, compotes, confitures, coulis, cidre, poir\u00e9, p\u00e9tillant, sirops, fruits au sirop. L&#8217;exploitation commercialise ses produits sur 3 march\u00e9s, dans un magasin de producteurs \u00e0 Ste Foy-l\u00e8s-Lyon et aupr\u00e8s de 3 AMAP dont les Paniers d\u2019Irigny.<\/p>\n\n\n<div class=\"wp-block-image\">\n<figure class=\"aligncenter is-resized\"><img loading=\"lazy\" decoding=\"async\" src=\"http:\/\/paniersirigny.fr\/wp-content\/uploads\/2019\/09\/20160707_185509.jpg\" alt=\"\" class=\"wp-image-871\" style=\"width:356px;height:356px\" width=\"356\" height=\"356\" srcset=\"https:\/\/paniersirigny.fr\/wp-content\/uploads\/2019\/09\/20160707_185509.jpg 908w, https:\/\/paniersirigny.fr\/wp-content\/uploads\/2019\/09\/20160707_185509-150x150.jpg 150w, https:\/\/paniersirigny.fr\/wp-content\/uploads\/2019\/09\/20160707_185509-300x300.jpg 300w, https:\/\/paniersirigny.fr\/wp-content\/uploads\/2019\/09\/20160707_185509-768x768.jpg 768w, https:\/\/paniersirigny.fr\/wp-content\/uploads\/2019\/09\/20160707_185509-230x230.jpg 230w, https:\/\/paniersirigny.fr\/wp-content\/uploads\/2019\/09\/20160707_185509-365x365.jpg 365w\" sizes=\"auto, (max-width: 356px) 100vw, 356px\" \/><figcaption class=\"wp-element-caption\">Adrien Jacquet<\/figcaption><\/figure>\n<\/div>\n\n\n<p class=\"has-text-align-center\">Retrouvez leurs actualit\u00e9s sur leur <a rel=\"noreferrer noopener\" aria-label=\"page Facebook (s\u2019ouvre dans un nouvel onglet)\" href=\"https:\/\/www.facebook.com\/pg\/Gaec-jacquet-des-presles-1674452006142063\/about\/?ref=page_internal\" target=\"_blank\">page Facebook<\/a><\/p>\n","protected":false},"excerpt":{"rendered":"<p>A l&#8217;origine de la cr\u00e9ation des Paniers d&#8217;Irigny, le GAEC Jacquet des Presles est notre producteur tr\u00e8s local de fruits depuis 2012. Situ\u00e9e sur la commune d&#8217;Irigny, l&#8217;exploitation s\u2019\u00e9tend sur 20 hectares. Les cultures sont conduites en agriculture raisonn\u00e9e avec<\/p>\n","protected":false},"author":1,"featured_media":0,"parent":0,"menu_order":0,"comment_status":"closed","ping_status":"closed","template":"","meta":{"footnotes":""},"class_list":["post-27","page","type-page","status-publish","hentry"],"_links":{"self":[{"href":"https:\/\/paniersirigny.fr\/index.php\/wp-json\/wp\/v2\/pages\/27","targetHints":{"allow":["GET"]}}],"collection":[{"href":"https:\/\/paniersirigny.fr\/index.php\/wp-json\/wp\/v2\/pages"}],"about":[{"href":"https:\/\/paniersirigny.fr\/index.php\/wp-json\/wp\/v2\/types\/page"}],"author":[{"embeddable":true,"href":"https:\/\/paniersirigny.fr\/index.php\/wp-json\/wp\/v2\/users\/1"}],"replies":[{"embeddable":true,"href":"https:\/\/paniersirigny.fr\/index.php\/wp-json\/wp\/v2\/comments?post=27"}],"version-history":[{"count":12,"href":"https:\/\/paniersirigny.fr\/index.php\/wp-json\/wp\/v2\/pages\/27\/revisions"}],"predecessor-version":[{"id":1195,"href":"https:\/\/paniersirigny.fr\/index.php\/wp-json\/wp\/v2\/pages\/27\/revisions\/1195"}],"wp:attachment":[{"href":"https:\/\/paniersirigny.fr\/index.php\/wp-json\/wp\/v2\/media?parent=27"}],"curies":[{"name":"wp","href":"https:\/\/api.w.org\/{rel}","templated":true}]}}