{"id":207,"date":"2019-07-30T11:57:26","date_gmt":"2019-07-30T09:57:26","guid":{"rendered":"http:\/\/paniersirigny.fr\/?page_id=207"},"modified":"2023-08-30T15:28:15","modified_gmt":"2023-08-30T13:28:15","slug":"cafe-bio","status":"publish","type":"page","link":"https:\/\/paniersirigny.fr\/index.php\/cafe-bio\/","title":{"rendered":"Caf\u00e9 Bio : Label(le) Br\u00fblerie"},"content":{"rendered":"\n<p>Cr\u00e9\u00e9e en septembre 2018, Label(le) Br\u00fblerie propose des caf\u00e9s certifi\u00e9s en agriculture biologique et issus de fili\u00e8res du commerce \u00e9quitable. Tous leurs caf\u00e9s sont torr\u00e9fi\u00e9s dans leur atelier \u00e0 Villeurbanne.<\/p>\n\n\n<div class=\"wp-block-image\">\n<figure class=\"aligncenter size-full\"><img loading=\"lazy\" decoding=\"async\" width=\"536\" height=\"452\" src=\"https:\/\/paniersirigny.fr\/wp-content\/uploads\/2023\/08\/id_cafe.png\" alt=\"\" class=\"wp-image-1189\" srcset=\"https:\/\/paniersirigny.fr\/wp-content\/uploads\/2023\/08\/id_cafe.png 536w, https:\/\/paniersirigny.fr\/wp-content\/uploads\/2023\/08\/id_cafe-300x253.png 300w\" sizes=\"auto, (max-width: 536px) 100vw, 536px\" \/><\/figure>\n<\/div>\n\n\n<figure class=\"wp-block-gallery has-nested-images columns-default is-cropped wp-block-gallery-1 is-layout-flex wp-block-gallery-is-layout-flex\">\n<figure class=\"wp-block-image\"><img loading=\"lazy\" decoding=\"async\" width=\"886\" height=\"886\" data-id=\"623\" src=\"https:\/\/paniersirigny.fr\/wp-content\/uploads\/2019\/08\/Logo-LABELLE-BRULERIE-1-rvb-jaune-e1537538739544.png\" alt=\"\" class=\"wp-image-623\" srcset=\"https:\/\/paniersirigny.fr\/wp-content\/uploads\/2019\/08\/Logo-LABELLE-BRULERIE-1-rvb-jaune-e1537538739544.png 886w, https:\/\/paniersirigny.fr\/wp-content\/uploads\/2019\/08\/Logo-LABELLE-BRULERIE-1-rvb-jaune-e1537538739544-150x150.png 150w, https:\/\/paniersirigny.fr\/wp-content\/uploads\/2019\/08\/Logo-LABELLE-BRULERIE-1-rvb-jaune-e1537538739544-300x300.png 300w, https:\/\/paniersirigny.fr\/wp-content\/uploads\/2019\/08\/Logo-LABELLE-BRULERIE-1-rvb-jaune-e1537538739544-768x768.png 768w, https:\/\/paniersirigny.fr\/wp-content\/uploads\/2019\/08\/Logo-LABELLE-BRULERIE-1-rvb-jaune-e1537538739544-230x230.png 230w, https:\/\/paniersirigny.fr\/wp-content\/uploads\/2019\/08\/Logo-LABELLE-BRULERIE-1-rvb-jaune-e1537538739544-365x365.png 365w\" sizes=\"auto, (max-width: 886px) 100vw, 886px\" \/><\/figure>\n\n\n\n<figure class=\"wp-block-image\"><img loading=\"lazy\" decoding=\"async\" width=\"768\" height=\"514\" data-id=\"621\" src=\"https:\/\/paniersirigny.fr\/wp-content\/uploads\/2019\/08\/39992272_468378276999319_102108140178243584_n-768x514.jpg\" alt=\"\" class=\"wp-image-621\" srcset=\"https:\/\/paniersirigny.fr\/wp-content\/uploads\/2019\/08\/39992272_468378276999319_102108140178243584_n-768x514.jpg 768w, https:\/\/paniersirigny.fr\/wp-content\/uploads\/2019\/08\/39992272_468378276999319_102108140178243584_n-768x514-300x201.jpg 300w\" sizes=\"auto, (max-width: 768px) 100vw, 768px\" \/><\/figure>\n\n\n\n<figure class=\"wp-block-image\"><img loading=\"lazy\" decoding=\"async\" width=\"1024\" height=\"666\" data-id=\"622\" src=\"https:\/\/paniersirigny.fr\/wp-content\/uploads\/2019\/08\/LBB-gamme-1024x666.jpg\" alt=\"\" class=\"wp-image-622\" srcset=\"https:\/\/paniersirigny.fr\/wp-content\/uploads\/2019\/08\/LBB-gamme-1024x666.jpg 1024w, https:\/\/paniersirigny.fr\/wp-content\/uploads\/2019\/08\/LBB-gamme-300x195.jpg 300w, https:\/\/paniersirigny.fr\/wp-content\/uploads\/2019\/08\/LBB-gamme-768x500.jpg 768w, https:\/\/paniersirigny.fr\/wp-content\/uploads\/2019\/08\/LBB-gamme.jpg 1600w\" sizes=\"auto, (max-width: 1024px) 100vw, 1024px\" \/><\/figure>\n<\/figure>\n\n\n\n<blockquote class=\"wp-block-quote is-layout-flow wp-block-quote-is-layout-flow\">\n<p>Nous achetons une partie de nos caf\u00e9s directement aupr\u00e8s de coop\u00e9ratives de petits producteurs, via l\u2019association de torr\u00e9facteurs <a rel=\"noreferrer noopener\" href=\"http:\/\/roastersunited.com\/\" target=\"_blank\">Roasters United<\/a>, dans une d\u00e9marche qui favorise les termes de l\u2019\u00e9change vis-\u00e0-vis des producteurs.<\/p>\n<cite>Label(le) Br\u00fblerie<\/cite><\/blockquote>\n\n\n\n<p>Disponibles en sachets de 250 grammes ou 1 kilo, en grain ou moulu, leurs caf\u00e9s viennent d&#8217;Ethiopie, du P\u00e9rou, du Guatemala ou de Colombie avec des origines tournantes en fonction des saisons. <\/p>\n\n\n\n<p>Dans une d\u00e9marche \u00e9thique, solidaire et durable, Label(le) Br\u00fblerie propose des conditionnements kraft compostables&nbsp;(hors valve  fra\u00eecheur) et des \u00e9tiquettes imprim\u00e9es \u00e0 l\u2019ESAT \u00e0 500m de leur atelier qui sont \u00e9galement compostables (encre v\u00e9g\u00e9tale et colle naturelle).<\/p>\n\n\n\n<figure class=\"wp-block-embed is-type-video is-provider-youtube wp-block-embed-youtube wp-embed-aspect-16-9 wp-has-aspect-ratio\"><div class=\"wp-block-embed__wrapper\">\n<iframe loading=\"lazy\" title=\"#5 - TORR\u00c9FACTION CAF\u00c9 BIO &amp; \u00c9QUITABLE\" width=\"720\" height=\"405\" src=\"https:\/\/www.youtube.com\/embed\/kWI18iqXEPo?feature=oembed\" frameborder=\"0\" allow=\"accelerometer; autoplay; clipboard-write; encrypted-media; gyroscope; picture-in-picture; web-share\" allowfullscreen><\/iframe>\n<\/div><\/figure>\n\n\n\n<p class=\"has-text-align-center\">Pour en savoir plus, rdv sur leur site : <a rel=\"noreferrer noopener\" aria-label=\"https:\/\/labellebrulerie.fr\/ (s\u2019ouvre dans un nouvel onglet)\" href=\"https:\/\/labellebrulerie.fr\/\" target=\"_blank\">https:\/\/labellebrulerie.fr\/<\/a> <br>Suivez leurs actualit\u00e9s sur leur <a rel=\"noreferrer noopener\" aria-label=\"page Facebook (s\u2019ouvre dans un nouvel onglet)\" href=\"https:\/\/www.facebook.com\/pg\/labellebrulerie\/about\/?ref=page_internal\" target=\"_blank\">page Facebook<\/a><\/p>\n","protected":false},"excerpt":{"rendered":"<p>Cr\u00e9\u00e9e en septembre 2018, Label(le) Br\u00fblerie propose des caf\u00e9s certifi\u00e9s en agriculture biologique et issus de fili\u00e8res du commerce \u00e9quitable. Tous leurs caf\u00e9s sont torr\u00e9fi\u00e9s dans leur atelier \u00e0 Villeurbanne. Nous achetons une partie de nos caf\u00e9s directement aupr\u00e8s de<\/p>\n","protected":false},"author":1,"featured_media":0,"parent":0,"menu_order":0,"comment_status":"closed","ping_status":"closed","template":"","meta":{"footnotes":""},"class_list":["post-207","page","type-page","status-publish","hentry"],"_links":{"self":[{"href":"https:\/\/paniersirigny.fr\/index.php\/wp-json\/wp\/v2\/pages\/207","targetHints":{"allow":["GET"]}}],"collection":[{"href":"https:\/\/paniersirigny.fr\/index.php\/wp-json\/wp\/v2\/pages"}],"about":[{"href":"https:\/\/paniersirigny.fr\/index.php\/wp-json\/wp\/v2\/types\/page"}],"author":[{"embeddable":true,"href":"https:\/\/paniersirigny.fr\/index.php\/wp-json\/wp\/v2\/users\/1"}],"replies":[{"embeddable":true,"href":"https:\/\/paniersirigny.fr\/index.php\/wp-json\/wp\/v2\/comments?post=207"}],"version-history":[{"count":13,"href":"https:\/\/paniersirigny.fr\/index.php\/wp-json\/wp\/v2\/pages\/207\/revisions"}],"predecessor-version":[{"id":1190,"href":"https:\/\/paniersirigny.fr\/index.php\/wp-json\/wp\/v2\/pages\/207\/revisions\/1190"}],"wp:attachment":[{"href":"https:\/\/paniersirigny.fr\/index.php\/wp-json\/wp\/v2\/media?parent=207"}],"curies":[{"name":"wp","href":"https:\/\/api.w.org\/{rel}","templated":true}]}}