{"id":20,"date":"2019-07-23T16:20:52","date_gmt":"2019-07-23T14:20:52","guid":{"rendered":"http:\/\/paniersirigny.fr\/?page_id=20"},"modified":"2023-08-30T15:45:58","modified_gmt":"2023-08-30T13:45:58","slug":"amap-reseau","status":"publish","type":"page","link":"https:\/\/paniersirigny.fr\/index.php\/amap-reseau\/","title":{"rendered":"Nos partenaires"},"content":{"rendered":"\n<p>Notre premier r\u00e9seau est constitu\u00e9 de nos paysans et artisans partenaires.<\/p>\n\n\n\n<div class=\"wp-block-media-text is-stacked-on-mobile alignwide\" style=\"grid-template-columns:10% auto\"><figure class=\"wp-block-media-text__media\"><img loading=\"lazy\" decoding=\"async\" width=\"130\" height=\"130\" src=\"http:\/\/paniersirigny.fr\/wp-content\/uploads\/2019\/09\/PICTOS.png\" alt=\"\" class=\"wp-image-1007 size-full\"\/><\/figure><div class=\"wp-block-media-text__content\">\n<p><a href=\"http:\/\/paniersirigny.fr\/index.php\/legumes-bio\/\" target=\"_blank\" rel=\"noreferrer noopener\" aria-label=\"EARL Gontel (opens in a new tab)\">EARL Gontel<\/a><br>L\u00e9gumes, Ampuis, Rh\u00f4ne<\/p>\n<\/div><\/div>\n\n\n\n<div class=\"wp-block-media-text is-stacked-on-mobile alignwide\" style=\"grid-template-columns:10% auto\"><figure class=\"wp-block-media-text__media\"><img loading=\"lazy\" decoding=\"async\" width=\"130\" height=\"130\" src=\"http:\/\/paniersirigny.fr\/wp-content\/uploads\/2019\/09\/PICTOS2.png\" alt=\"\" class=\"wp-image-1008 size-full\"\/><\/figure><div class=\"wp-block-media-text__content\">\n<p><a rel=\"noreferrer noopener\" aria-label=\" (opens in a new tab)\" href=\"https:\/\/www.facebook.com\/Gaec-jacquet-des-presles-1674452006142063\/\" target=\"_blank\">GAEC Jacquet des Presles<\/a><br>Fruits, Irigny, Rh\u00f4ne<\/p>\n<\/div><\/div>\n\n\n\n<div class=\"wp-block-media-text is-stacked-on-mobile alignwide\" style=\"grid-template-columns:10% auto\"><figure class=\"wp-block-media-text__media\"><img loading=\"lazy\" decoding=\"async\" width=\"130\" height=\"130\" src=\"http:\/\/paniersirigny.fr\/wp-content\/uploads\/2019\/09\/PICTOS3.png\" alt=\"\" class=\"wp-image-1009 size-full\"\/><\/figure><div class=\"wp-block-media-text__content\">\n<p><a rel=\"noreferrer noopener\" aria-label=\"Au Jardin de la Testa (opens in a new tab)\" href=\"https:\/\/www.aujardindelatesta.fr\/\" target=\"_blank\">GAEC des P\u00e2querettes<\/a><br>Fromage, \u0153ufs, porc, Loire<\/p>\n<\/div><\/div>\n\n\n\n<div class=\"wp-block-media-text is-stacked-on-mobile alignwide\" style=\"grid-template-columns:10% auto\"><figure class=\"wp-block-media-text__media\"><img loading=\"lazy\" decoding=\"async\" width=\"130\" height=\"130\" src=\"http:\/\/paniersirigny.fr\/wp-content\/uploads\/2019\/09\/PICTOS4.png\" alt=\"\" class=\"wp-image-1010 size-full\"\/><\/figure><div class=\"wp-block-media-text__content\">\n<p><a rel=\"noreferrer noopener\" aria-label=\"GAEC de la Viry (opens in a new tab)\" href=\"http:\/\/paniersirigny.fr\/index.php\/pain-farine-bio\/\" target=\"_blank\">GAEC de la Viry<\/a><br>Pain, farine, Loire<\/p>\n<\/div><\/div>\n\n\n\n<div class=\"wp-block-media-text is-stacked-on-mobile alignwide\" style=\"grid-template-columns:10% auto\"><figure class=\"wp-block-media-text__media\"><img loading=\"lazy\" decoding=\"async\" width=\"130\" height=\"130\" src=\"http:\/\/paniersirigny.fr\/wp-content\/uploads\/2019\/09\/PICTOS8.png\" alt=\"\" class=\"wp-image-1013 size-full\"\/><\/figure><div class=\"wp-block-media-text__content\">\n<p><a href=\"https:\/\/www.facebook.com\/Pisciculture-Le-Moulin-de-la-Charme-1649072988731274\/\" target=\"_blank\" rel=\"noreferrer noopener\" aria-label=\"Le Moulin de la Charme (opens in a new tab)\">Le Moulin de la Charme<\/a><br>Poisson, Puy-de-D\u00f4me<\/p>\n<\/div><\/div>\n\n\n\n<div class=\"wp-block-media-text is-stacked-on-mobile alignwide\" style=\"grid-template-columns:10% auto\"><figure class=\"wp-block-media-text__media\"><img loading=\"lazy\" decoding=\"async\" width=\"130\" height=\"130\" src=\"http:\/\/paniersirigny.fr\/wp-content\/uploads\/2019\/09\/PICTOS5.png\" alt=\"\" class=\"wp-image-1012 size-full\"\/><\/figure><div class=\"wp-block-media-text__content\">\n<p><a rel=\"noreferrer noopener\" aria-label=\"Au Jardin de la Testa (opens in a new tab)\" href=\"https:\/\/www.aujardindelatesta.fr\/\" target=\"_blank\">Au Jardin de la Testa<\/a><br>Agrumes, Corse<\/p>\n<\/div><\/div>\n\n\n\n<div class=\"wp-block-media-text is-stacked-on-mobile alignwide\" style=\"grid-template-columns:10% auto\"><figure class=\"wp-block-media-text__media\"><img loading=\"lazy\" decoding=\"async\" width=\"130\" height=\"130\" src=\"http:\/\/paniersirigny.fr\/wp-content\/uploads\/2019\/09\/PICTOS7.png\" alt=\"\" class=\"wp-image-1014 size-full\"\/><\/figure><div class=\"wp-block-media-text__content\">\n<p><a href=\"https:\/\/www.facebook.com\/fermedeshirondelles01\/\" target=\"_blank\" rel=\"noreferrer noopener\" aria-label=\"La Ferme des Ruminettes (opens in a new tab)\">La Ferme des Ruminettes<\/a><br>Fromage de ch\u00e8vre, agneau, cabri, Loire<\/p>\n<\/div><\/div>\n\n\n\n<div class=\"wp-block-media-text is-stacked-on-mobile alignwide\" style=\"grid-template-columns:10% auto\"><figure class=\"wp-block-media-text__media\"><img loading=\"lazy\" decoding=\"async\" width=\"130\" height=\"130\" src=\"http:\/\/paniersirigny.fr\/wp-content\/uploads\/2019\/09\/PICTOS16.png\" alt=\"\" class=\"wp-image-1022 size-full\"\/><\/figure><div class=\"wp-block-media-text__content\">\n<p><a href=\"http:\/\/paniersirigny.fr\/index.php\/boeuf-veau-bio\/\" target=\"_blank\" rel=\"noreferrer noopener\" aria-label=\" (opens in a new tab)\">GAEC du M\u00fbrier<\/a><br>B\u0153uf, veau, Loire<\/p>\n<\/div><\/div>\n\n\n\n<div class=\"wp-block-media-text is-stacked-on-mobile alignwide\" style=\"grid-template-columns:10% auto\"><figure class=\"wp-block-media-text__media\"><img loading=\"lazy\" decoding=\"async\" width=\"130\" height=\"130\" src=\"http:\/\/paniersirigny.fr\/wp-content\/uploads\/2019\/09\/PICTOS14.png\" alt=\"\" class=\"wp-image-1020 size-full\"\/><\/figure><div class=\"wp-block-media-text__content\">\n<p><a href=\"http:\/\/www.terres-d-adour.fr\/\" target=\"_blank\" rel=\"noreferrer noopener\" aria-label=\"Terres d'Adour (opens in a new tab)\">Terres d&#8217;Adour<\/a><br>Canard, Landes<\/p>\n<\/div><\/div>\n\n\n\n<div class=\"wp-block-media-text is-stacked-on-mobile alignwide\" style=\"grid-template-columns:10% auto\"><figure class=\"wp-block-media-text__media\"><img loading=\"lazy\" decoding=\"async\" width=\"130\" height=\"130\" src=\"http:\/\/paniersirigny.fr\/wp-content\/uploads\/2019\/09\/PICTOS11.png\" alt=\"\" class=\"wp-image-1017 size-full\"\/><\/figure><div class=\"wp-block-media-text__content\">\n<p><a href=\"http:\/\/paniersirigny.fr\/index.php\/huiles-lentilles\/\" target=\"_blank\" rel=\"noreferrer noopener\" aria-label=\"GAEC Maras (opens in a new tab)\">GAEC Maras<\/a><br>Huile, lentilles, Is\u00e8re<\/p>\n<\/div><\/div>\n\n\n\n<div class=\"wp-block-media-text is-stacked-on-mobile alignwide\" style=\"grid-template-columns:10% auto\"><figure class=\"wp-block-media-text__media\"><img loading=\"lazy\" decoding=\"async\" width=\"130\" height=\"130\" src=\"http:\/\/paniersirigny.fr\/wp-content\/uploads\/2019\/09\/PICTOS19.png\" alt=\"\" class=\"wp-image-1025 size-full\"\/><\/figure><div class=\"wp-block-media-text__content\">\n<p><a href=\"https:\/\/www.almazarasancristobal.com\/\" target=\"_blank\" rel=\"noreferrer noopener\" aria-label=\"Almazara San Cristobal (opens in a new tab)\">Almazara San Cristobal<\/a><br>Huile d&#8217;olive, Alicante, Espagne<\/p>\n<\/div><\/div>\n\n\n\n<div class=\"wp-block-media-text is-stacked-on-mobile alignwide\" style=\"grid-template-columns:10% auto\"><figure class=\"wp-block-media-text__media\"><img loading=\"lazy\" decoding=\"async\" width=\"130\" height=\"130\" src=\"http:\/\/paniersirigny.fr\/wp-content\/uploads\/2019\/09\/PICTOS17.png\" alt=\"\" class=\"wp-image-1023 size-full\"\/><\/figure><div class=\"wp-block-media-text__content\">\n<p><a rel=\"noreferrer noopener\" aria-label=\"Artisans du Monde (opens in a new tab)\" href=\"https:\/\/admlyonvilleurbanne.fr\/\" target=\"_blank\">Artisans du Monde<\/a><br>\u00c9picerie \u00e9thique, Lyon<\/p>\n<\/div><\/div>\n\n\n\n<div class=\"wp-block-media-text is-stacked-on-mobile alignwide\" style=\"grid-template-columns:10% auto\"><figure class=\"wp-block-media-text__media\"><img loading=\"lazy\" decoding=\"async\" width=\"130\" height=\"130\" src=\"http:\/\/paniersirigny.fr\/wp-content\/uploads\/2019\/09\/PICTOS20.png\" alt=\"\" class=\"wp-image-1026 size-full\"\/><\/figure><div class=\"wp-block-media-text__content\">\n<p><a href=\"http:\/\/www.fermedelaquintilliere.com\/\" target=\"_blank\" rel=\"noreferrer noopener\" aria-label=\"Ferme de la Quintilli\u00e8re (opens in a new tab)\">Ferme de la Quintilli\u00e8re<\/a><br>Bi\u00e8res, Rh\u00f4ne<\/p>\n<\/div><\/div>\n\n\n\n<div class=\"wp-block-media-text is-stacked-on-mobile alignwide\" style=\"grid-template-columns:10% auto\"><figure class=\"wp-block-media-text__media\"><img loading=\"lazy\" decoding=\"async\" width=\"130\" height=\"130\" src=\"http:\/\/paniersirigny.fr\/wp-content\/uploads\/2019\/09\/PICTOS9.png\" alt=\"\" class=\"wp-image-1015 size-full\"\/><\/figure><div class=\"wp-block-media-text__content\">\n<p><a rel=\"noreferrer noopener\" aria-label=\"Les Deplaude (opens in a new tab)\" href=\"https:\/\/www.lesdeplaude.com\/\" target=\"_blank\">Les Deplaude<\/a><br>Vin, Loire<\/p>\n<\/div><\/div>\n\n\n\n<div class=\"wp-block-media-text is-stacked-on-mobile alignwide\" style=\"grid-template-columns:10% auto\"><figure class=\"wp-block-media-text__media\"><img loading=\"lazy\" decoding=\"async\" width=\"130\" height=\"130\" src=\"http:\/\/paniersirigny.fr\/wp-content\/uploads\/2019\/09\/PICTOS12.png\" alt=\"\" class=\"wp-image-1018 size-full\"\/><\/figure><div class=\"wp-block-media-text__content\">\n<p><a rel=\"noreferrer noopener\" aria-label=\"Label(le) Br\u00fblerie (opens in a new tab)\" href=\"https:\/\/labellebrulerie.fr\/\" target=\"_blank\">Label(le) Br\u00fblerie<\/a><br>Caf\u00e9, Villeurbanne<\/p>\n<\/div><\/div>\n\n\n\n<div class=\"wp-block-media-text is-stacked-on-mobile alignwide\" style=\"grid-template-columns:10% auto\"><figure class=\"wp-block-media-text__media\"><img loading=\"lazy\" decoding=\"async\" width=\"130\" height=\"130\" src=\"http:\/\/paniersirigny.fr\/wp-content\/uploads\/2019\/09\/PICTOS13.png\" alt=\"\" class=\"wp-image-1019 size-full\"\/><\/figure><div class=\"wp-block-media-text__content\">\n<p>L&#8217;Art des Ch\u00e2taignes<br>Ch\u00e2taignes, Ard\u00e8che<\/p>\n<\/div><\/div>\n\n\n\n<div class=\"wp-block-media-text is-stacked-on-mobile alignwide\" style=\"grid-template-columns:10% auto\"><figure class=\"wp-block-media-text__media\"><img loading=\"lazy\" decoding=\"async\" width=\"130\" height=\"130\" src=\"http:\/\/paniersirigny.fr\/wp-content\/uploads\/2019\/09\/PICTOS10.png\" alt=\"\" class=\"wp-image-1016 size-full\"\/><\/figure><div class=\"wp-block-media-text__content\">\n<p><a rel=\"noreferrer noopener\" aria-label=\"Ruchers des Coteaux (opens in a new tab)\" href=\"https:\/\/ruchersdescoteaux.fr\/\" target=\"_blank\">Ruchers des Coteaux<\/a><br>Miel, Rh\u00f4ne<\/p>\n<\/div><\/div>\n\n\n\n<div class=\"wp-block-media-text is-stacked-on-mobile alignwide\" style=\"grid-template-columns:10% auto\"><figure class=\"wp-block-media-text__media\"><img loading=\"lazy\" decoding=\"async\" width=\"130\" height=\"130\" src=\"http:\/\/paniersirigny.fr\/wp-content\/uploads\/2019\/09\/PICTOS15.png\" alt=\"\" class=\"wp-image-1021 size-full\"\/><\/figure><div class=\"wp-block-media-text__content\">\n<p><a rel=\"noreferrer noopener\" aria-label=\" (opens in a new tab)\" href=\"https:\/\/savonneriedupilat.fr\/\" target=\"_blank\">Savonnerie du Pilat<\/a><br>Savons, Loire<\/p>\n<\/div><\/div>\n\n\n\n<div class=\"wp-block-media-text is-stacked-on-mobile alignwide\" style=\"grid-template-columns:10% auto\"><figure class=\"wp-block-media-text__media\"><img loading=\"lazy\" decoding=\"async\" width=\"130\" height=\"130\" src=\"http:\/\/paniersirigny.fr\/wp-content\/uploads\/2019\/09\/PICTOS18.png\" alt=\"\" class=\"wp-image-1024 size-full\"\/><\/figure><div class=\"wp-block-media-text__content\">\n<p><a href=\"https:\/\/www.denisponcet-letableglacee.com\/\" data-type=\"link\" data-id=\"https:\/\/www.denisponcet-letableglacee.com\/\">L&#8217;\u00e9table Glac\u00e9e<\/a><br>Glaces, Rh\u00f4ne<\/p>\n<\/div><\/div>\n\n\n\n<p><strong>Partenaires pour la vente de produits locaux<\/strong> :<\/p>\n\n\n\n<ul class=\"wp-block-list\">\n<li>L&#8217;<a rel=\"noreferrer noopener\" aria-label=\"AMAP Chapobio (opens in a new tab)\" href=\"http:\/\/chapobio.canalblog.com\/\" target=\"_blank\">AMAP Chapobio<\/a> pour les contrats agrumes<\/li>\n\n\n\n<li>L&#8217;AMAP <a rel=\"noreferrer noopener\" aria-label=\"La Faucille et le Poireau (opens in a new tab)\" href=\"https:\/\/www.lafaucilleetlepoireau.com\/\" target=\"_blank\">La Faucille et le Poireau<\/a> \u00e0 Tarare pour les achats group\u00e9s d&#8217;huile d&#8217;olive<\/li>\n\n\n\n<li>La Maison de la Tour<\/li>\n<\/ul>\n\n\n\n<p><strong>Autres partenaires des Paniers d\u2019Irigny&nbsp;:<\/strong><\/p>\n\n\n\n<ul class=\"wp-block-list\">\n<li>Le <a rel=\"noreferrer noopener\" aria-label=\" (opens in a new tab)\" href=\"http:\/\/amap-aura.org\/\" target=\"_blank\">R\u00e9seau des AMAP Auvergne&nbsp;Rh\u00f4ne-Alpes <\/a>qui nous fournit l&#8217;outil Clic&#8217;AMAP<\/li>\n\n\n\n<li><a rel=\"noreferrer noopener\" aria-label=\" (opens in a new tab)\" href=\"http:\/\/miramap.org\/\" target=\"_blank\">MIRAMAP &#8211; Le mouvement inter-r\u00e9gional des AMAP<\/a><\/li>\n\n\n\n<li><a rel=\"noreferrer noopener\" aria-label=\" (opens in a new tab)\" href=\"http:\/\/www.reseau-amap.org\/\" target=\"_blank\">Le R\u00e9seau national des AMAP<\/a><\/li>\n\n\n\n<li>La <a rel=\"noreferrer noopener\" aria-label=\" (opens in a new tab)\" href=\"http:\/\/www.irigny.fr\/\" target=\"_blank\">Ville d&#8217;Irigny <\/a>qui nous pr\u00eate le Hangar des Berti\u00e8res pour les livraisons<\/li>\n\n\n\n<li><a href=\"http:\/\/lamauvaisegraine.com\/\">La Mauvaise Graine<\/a> qui r\u00e9alise les jolies illustrations de notre site<\/li>\n\n\n\n<li>Club de Basket ALIV<\/li>\n\n\n\n<li>Le <a href=\"http:\/\/www.crba.fr\/?Laboratoire-Biodiversite&amp;menu=54\" target=\"_blank\" rel=\"noreferrer noopener\" aria-label=\"CRBA  (opens in a new tab)\">CRBA <\/a>au domaine de Melchior \u00e0 Charly<\/li>\n<\/ul>\n","protected":false},"excerpt":{"rendered":"<p>Notre premier r\u00e9seau est constitu\u00e9 de nos paysans et artisans partenaires. EARL GontelL\u00e9gumes, Ampuis, Rh\u00f4ne GAEC Jacquet des PreslesFruits, Irigny, Rh\u00f4ne GAEC des P\u00e2querettesFromage, \u0153ufs, porc, Loire GAEC de la ViryPain, farine, Loire Le Moulin de la CharmePoisson, Puy-de-D\u00f4me Au<\/p>\n","protected":false},"author":1,"featured_media":0,"parent":0,"menu_order":0,"comment_status":"closed","ping_status":"closed","template":"","meta":{"footnotes":""},"class_list":["post-20","page","type-page","status-publish","hentry"],"_links":{"self":[{"href":"https:\/\/paniersirigny.fr\/index.php\/wp-json\/wp\/v2\/pages\/20","targetHints":{"allow":["GET"]}}],"collection":[{"href":"https:\/\/paniersirigny.fr\/index.php\/wp-json\/wp\/v2\/pages"}],"about":[{"href":"https:\/\/paniersirigny.fr\/index.php\/wp-json\/wp\/v2\/types\/page"}],"author":[{"embeddable":true,"href":"https:\/\/paniersirigny.fr\/index.php\/wp-json\/wp\/v2\/users\/1"}],"replies":[{"embeddable":true,"href":"https:\/\/paniersirigny.fr\/index.php\/wp-json\/wp\/v2\/comments?post=20"}],"version-history":[{"count":17,"href":"https:\/\/paniersirigny.fr\/index.php\/wp-json\/wp\/v2\/pages\/20\/revisions"}],"predecessor-version":[{"id":1205,"href":"https:\/\/paniersirigny.fr\/index.php\/wp-json\/wp\/v2\/pages\/20\/revisions\/1205"}],"wp:attachment":[{"href":"https:\/\/paniersirigny.fr\/index.php\/wp-json\/wp\/v2\/media?parent=20"}],"curies":[{"name":"wp","href":"https:\/\/api.w.org\/{rel}","templated":true}]}}