{"id":2,"date":"2019-07-23T16:09:39","date_gmt":"2019-07-23T14:09:39","guid":{"rendered":"http:\/\/paniersirigny.fr\/?page_id=2"},"modified":"2019-09-09T10:08:45","modified_gmt":"2019-09-09T08:08:45","slug":"objectifs","status":"publish","type":"page","link":"https:\/\/paniersirigny.fr\/index.php\/objectifs\/","title":{"rendered":"Nos objectifs"},"content":{"rendered":"\n<p>&#8220;Les Paniers d\u2019Irigny&#8221; est une association de loi 1901 ayant pour objectifs de permettre \u00e0 ses adh\u00e9rents-consommateurs :<\/p>\n\n\n\n<div class=\"wp-block-media-text alignwide\" style=\"grid-template-columns:15% auto\"><figure class=\"wp-block-media-text__media\"><img loading=\"lazy\" decoding=\"async\" width=\"308\" height=\"300\" src=\"http:\/\/paniersirigny.fr\/wp-content\/uploads\/2019\/07\/logo2.jpg\" alt=\"\" class=\"wp-image-83\" srcset=\"https:\/\/paniersirigny.fr\/wp-content\/uploads\/2019\/07\/logo2.jpg 308w, https:\/\/paniersirigny.fr\/wp-content\/uploads\/2019\/07\/logo2-300x292.jpg 300w\" sizes=\"auto, (max-width: 308px) 100vw, 308px\" \/><\/figure><div class=\"wp-block-media-text__content\">\n<ul class=\"wp-block-list\"><li>d\u2019acheter<strong> \u00e0 un prix juste <\/strong>des produits alimentaires <strong>locaux de qualit\u00e9<\/strong><\/li><li>en \u00e9tant inform\u00e9s de leur <strong>origine<\/strong> et de la fa\u00e7on dont ils ont \u00e9t\u00e9 produits<\/li><li>tout en participant activement au maintien de <strong>l\u2019activit\u00e9 agricole<\/strong><\/li><\/ul>\n\n\n\n<p><\/p>\n<\/div><\/div>\n\n\n\n<p>Tous nos adh\u00e9rents-consommateurs peuvent ainsi acheter \u00e0 des prix int\u00e9ressants, des <strong>produits locaux et de qualit\u00e9 <\/strong><em>(la plupart \u00e9tant certifi\u00e9s Bio)<\/em>. <br>Nous soutenons une quinzaine de paysans, qui sont une priorit\u00e9 pour nous, car ils nous apportent les produits n\u00e9cessaires \u00e0 une alimentation \u00e9quilibr\u00e9e, sans que cela ne nous co\u00fbte trop cher.<\/p>\n\n\n\n<figure class=\"wp-block-image\"><img loading=\"lazy\" decoding=\"async\" width=\"1024\" height=\"707\" src=\"http:\/\/paniersirigny.fr\/wp-content\/uploads\/2019\/07\/VISUEL_OBJECTIFS_WEB-1024x707.jpg\" alt=\"\" class=\"wp-image-156\" srcset=\"https:\/\/paniersirigny.fr\/wp-content\/uploads\/2019\/07\/VISUEL_OBJECTIFS_WEB-1024x707.jpg 1024w, https:\/\/paniersirigny.fr\/wp-content\/uploads\/2019\/07\/VISUEL_OBJECTIFS_WEB-300x207.jpg 300w, https:\/\/paniersirigny.fr\/wp-content\/uploads\/2019\/07\/VISUEL_OBJECTIFS_WEB-768x530.jpg 768w, https:\/\/paniersirigny.fr\/wp-content\/uploads\/2019\/07\/VISUEL_OBJECTIFS_WEB.jpg 1241w\" sizes=\"auto, (max-width: 1024px) 100vw, 1024px\" \/><\/figure>\n\n\n\n<p style=\"text-align:center\"><strong>Notre fonctionnement s\u2019adapte \u00e0 tout type d\u2019adh\u00e9rent&nbsp;: <\/strong><br><strong>familles, couples, personnes seules. <\/strong><br>Nous proposons deux fa\u00e7ons d\u2019acheter ces produits locaux qui restent tr\u00e8s flexibles et permettent de choisir la plupart des produits que l\u2019on ach\u00e8te.<\/p>\n\n\n\n<ul class=\"wp-block-list\"><li><a href=\"http:\/\/paniersirigny.fr\/index.php\/amap-quesaco\/\">en AMAP<\/a> : <em>Association pour le Maintien de l&#8217;Agriculture Paysanne<\/em><\/li><li><a href=\"http:\/\/paniersirigny.fr\/index.php\/gas-quesaco\/\">en GAS<\/a> : <em>Groupement d&#8217;Achat Solidaire<\/em><br><\/li><\/ul>\n\n\n\n<blockquote class=\"wp-block-quote is-layout-flow wp-block-quote-is-layout-flow\"><p>Nous proposons donc un large choix de produits locaux distribu\u00e9s sous  forme de paniers paysans ou lors de commandes group\u00e9es. L\u2019association joue \u00e9galement un r\u00f4le de sensibilisation \u00e0 l\u2019agriculture locale et paysanne aupr\u00e8s du grand public. <\/p><cite>Bel\u00e9n Garcia Jimenez, pr\u00e9sidente de l&#8217;association<\/cite><\/blockquote>\n\n\n\n<ul class=\"wp-block-gallery columns-2 is-cropped wp-block-gallery-1 is-layout-flex wp-block-gallery-is-layout-flex\"><li class=\"blocks-gallery-item\"><figure><img loading=\"lazy\" decoding=\"async\" width=\"1024\" height=\"768\" src=\"http:\/\/paniersirigny.fr\/wp-content\/uploads\/2019\/09\/20170924_103120-1024x768.jpg\" alt=\"\" data-id=\"882\" data-link=\"http:\/\/paniersirigny.fr\/index.php\/objectifs\/20170924_103120\/\" class=\"wp-image-882\" srcset=\"https:\/\/paniersirigny.fr\/wp-content\/uploads\/2019\/09\/20170924_103120-1024x768.jpg 1024w, https:\/\/paniersirigny.fr\/wp-content\/uploads\/2019\/09\/20170924_103120-300x225.jpg 300w, https:\/\/paniersirigny.fr\/wp-content\/uploads\/2019\/09\/20170924_103120-768x576.jpg 768w, https:\/\/paniersirigny.fr\/wp-content\/uploads\/2019\/09\/20170924_103120.jpg 1211w\" sizes=\"auto, (max-width: 1024px) 100vw, 1024px\" \/><\/figure><\/li><li class=\"blocks-gallery-item\"><figure><img loading=\"lazy\" decoding=\"async\" width=\"1024\" height=\"768\" src=\"http:\/\/paniersirigny.fr\/wp-content\/uploads\/2019\/09\/kermesse-1024x768.jpg\" alt=\"\" data-id=\"883\" data-link=\"http:\/\/paniersirigny.fr\/index.php\/objectifs\/kermesse\/\" class=\"wp-image-883\" srcset=\"https:\/\/paniersirigny.fr\/wp-content\/uploads\/2019\/09\/kermesse-1024x768.jpg 1024w, https:\/\/paniersirigny.fr\/wp-content\/uploads\/2019\/09\/kermesse-300x225.jpg 300w, https:\/\/paniersirigny.fr\/wp-content\/uploads\/2019\/09\/kermesse-768x576.jpg 768w\" sizes=\"auto, (max-width: 1024px) 100vw, 1024px\" \/><\/figure><\/li><\/ul>\n","protected":false},"excerpt":{"rendered":"<p>&#8220;Les Paniers d\u2019Irigny&#8221; est une association de loi 1901 ayant pour objectifs de permettre \u00e0 ses adh\u00e9rents-consommateurs : d\u2019acheter \u00e0 un prix juste des produits alimentaires locaux de qualit\u00e9 en \u00e9tant inform\u00e9s de leur origine et de la fa\u00e7on dont<\/p>\n","protected":false},"author":1,"featured_media":0,"parent":0,"menu_order":0,"comment_status":"closed","ping_status":"closed","template":"","meta":{"footnotes":""},"class_list":["post-2","page","type-page","status-publish","hentry"],"_links":{"self":[{"href":"https:\/\/paniersirigny.fr\/index.php\/wp-json\/wp\/v2\/pages\/2","targetHints":{"allow":["GET"]}}],"collection":[{"href":"https:\/\/paniersirigny.fr\/index.php\/wp-json\/wp\/v2\/pages"}],"about":[{"href":"https:\/\/paniersirigny.fr\/index.php\/wp-json\/wp\/v2\/types\/page"}],"author":[{"embeddable":true,"href":"https:\/\/paniersirigny.fr\/index.php\/wp-json\/wp\/v2\/users\/1"}],"replies":[{"embeddable":true,"href":"https:\/\/paniersirigny.fr\/index.php\/wp-json\/wp\/v2\/comments?post=2"}],"version-history":[{"count":18,"href":"https:\/\/paniersirigny.fr\/index.php\/wp-json\/wp\/v2\/pages\/2\/revisions"}],"predecessor-version":[{"id":884,"href":"https:\/\/paniersirigny.fr\/index.php\/wp-json\/wp\/v2\/pages\/2\/revisions\/884"}],"wp:attachment":[{"href":"https:\/\/paniersirigny.fr\/index.php\/wp-json\/wp\/v2\/media?parent=2"}],"curies":[{"name":"wp","href":"https:\/\/api.w.org\/{rel}","templated":true}]}}