{"id":129,"date":"2019-07-26T14:55:10","date_gmt":"2019-07-26T12:55:10","guid":{"rendered":"http:\/\/paniersirigny.fr\/?page_id=129"},"modified":"2019-09-10T12:19:12","modified_gmt":"2019-09-10T10:19:12","slug":"fonctionnement","status":"publish","type":"page","link":"https:\/\/paniersirigny.fr\/index.php\/fonctionnement\/","title":{"rendered":"Notre fonctionnement"},"content":{"rendered":"\n<h3 class=\"wp-block-heading\">Le Conseil d\u2019Administration<\/h3>\n\n\n\n<p>L\u2019association est administr\u00e9e par le Conseil d\u2019Administration compos\u00e9 du bureau ainsi que des r\u00e9f\u00e9rents producteur. <\/p>\n\n\n\n<p>Le bureau est constitu\u00e9 de 4 membres \u00e9lus pour deux ans lors de l&nbsp;&#8216;Assembl\u00e9e G\u00e9n\u00e9rale&nbsp;: pr\u00e9sident(e), vice-pr\u00e9sident(e), tr\u00e9sorier(e), secr\u00e9taire. Il se r\u00e9unit environ 2 fois par an, ou plus si n\u00e9cessaire. <\/p>\n\n\n\n<p>Le Conseil d\u2019Administration applique et met en \u0153uvre les d\u00e9cisions prises en Assembl\u00e9e G\u00e9n\u00e9rale. En pratique, son r\u00f4le est de g\u00e9rer le quotidien de l\u2019association. <\/p>\n\n\n\n<div class=\"wp-block-image\"><figure class=\"aligncenter is-resized\"><img loading=\"lazy\" decoding=\"async\" src=\"http:\/\/paniersirigny.fr\/wp-content\/uploads\/2019\/09\/shaking-hands-2499612_1920-1024x538.jpg\" alt=\"\" class=\"wp-image-982\" width=\"350\" height=\"183\" srcset=\"https:\/\/paniersirigny.fr\/wp-content\/uploads\/2019\/09\/shaking-hands-2499612_1920-1024x538.jpg 1024w, https:\/\/paniersirigny.fr\/wp-content\/uploads\/2019\/09\/shaking-hands-2499612_1920-300x158.jpg 300w, https:\/\/paniersirigny.fr\/wp-content\/uploads\/2019\/09\/shaking-hands-2499612_1920-768x403.jpg 768w, https:\/\/paniersirigny.fr\/wp-content\/uploads\/2019\/09\/shaking-hands-2499612_1920.jpg 1920w\" sizes=\"auto, (max-width: 350px) 100vw, 350px\" \/><\/figure><\/div>\n\n\n\n<h2 class=\"wp-block-heading\">L\u2019Assembl\u00e9e G\u00e9n\u00e9rale<\/h2>\n\n\n\n<p>L\u2019assembl\u00e9e g\u00e9n\u00e9rale est un temps d\u2019\u00e9change privil\u00e9gi\u00e9 entre adh\u00e9rents, \u00e0 la fois producteurs et consommateurs. Elle se tient tous les ans et \u00e0 cette occasion, l\u2019ensemble des adh\u00e9rents de l\u2019association est invit\u00e9 \u00e0 se rassembler. Elle permet de pr\u00e9senter les bilans moral et financier aux adh\u00e9rents pr\u00e9sents&nbsp;et de discuter des projets pour l\u2019ann\u00e9e \u00e0 venir.<\/p>\n\n\n\n<p>Chaque adh\u00e9rent a un pouvoir de\nproposition et de d\u00e9cision au sein de l\u2019association. Un adh\u00e9rent d\u00e9tient une\nvoix. Les adh\u00e9rents pr\u00e9sents \u00e0 l\u2019Assembl\u00e9e G\u00e9n\u00e9rale \u00e9lisent le Bureau qui fait\npartie du Conseil d\u2019Administration. <\/p>\n\n\n\n<hr class=\"wp-block-separator\"\/>\n\n\n<h3>Le r\u00e8glement int\u00e9rieur<br \/><!--StartFragment--><\/h3>\n\n\n<p>Le r\u00e8glement int\u00e9rieur a pour objet de pr\u00e9ciser les statuts de l&#8217;association \u00abLes Paniers d\u2019Irigny\u00bb.<\/p>\n\n\n\n<p>Le pr\u00e9sent r\u00e8glement int\u00e9rieur est mis \u00e0 disposition de l&#8217;ensemble des membres sur le site internet paniersirigny.fr, sous le menu &#8220;Notre association&#8221;, rubrique &#8220;Notre r\u00e8glement int\u00e9rieur&#8221;.<\/p>\n\n\n\n<p><strong>Titre I \u2013 Membres<\/strong><\/p>\n\n\n\n<p><strong>Article 1<\/strong> Adh\u00e9sion et Cotisation<\/p>\n\n\n\n<p>Pour \u00eatre adh\u00e9rent de\nl\u2019association, les membres doivent s&#8217;acquitter d&#8217;une adh\u00e9sion d\u2019un montant fix\u00e9\nannuellement par l\u2019Assembl\u00e9e G\u00e9n\u00e9rale sur proposition du bureau.<\/p>\n\n\n\n<!--more-->\n\n\n\n<p>Pour 2018\/2019 ce montant est\nfix\u00e9 \u00e0 22\u20ac. Sur cette cotisation, 15 \u20ac sont vers\u00e9s aux r\u00e9seaux des AMAP. Le\nreste permet le fonctionnement de l\u2019association. Et un bilan est pr\u00e9sent\u00e9 en\nAG. Le versement de la cotisation doit \u00eatre \u00e9tabli par ch\u00e8que \u00e0 l&#8217;ordre de\nl\u2019association.<\/p>\n\n\n\n<p>Toute cotisation vers\u00e9e \u00e0\nl&#8217;association est d\u00e9finitivement acquise.<\/p>\n\n\n\n<p>Le paiement de la cotisation se\nfait au mois de septembre. Si un nouvel adh\u00e9rent arrive pendant la saison\nprintemps-\u00e9t\u00e9 (voir article paiement de paniers), il s&#8217;acquittera de la moiti\u00e9\nde l\u2019adh\u00e9sion.<\/p>\n\n\n\n<p><strong>Article 2<\/strong> Admission de nouveaux membres<\/p>\n\n\n\n<p>L&#8217;association \u00abLes paniers\nd\u2019IRIGNY\u00bb, a vocation \u00e0 accueillir de nouveaux membres.<\/p>\n\n\n\n<p><strong>Article 3<\/strong> D\u00e9mission, D\u00e9c\u00e8s, Disparition.<\/p>\n\n\n\n<p>Le membre d\u00e9missionnaire devra\nadresser, par lettre simple, sa d\u00e9cision au Pr\u00e9sident.<\/p>\n\n\n\n<p>Aucune restitution de cotisation\nn&#8217;est due au membre d\u00e9missionnaire. En cas de d\u00e9c\u00e8s, la qualit\u00e9 de membre\ndispara\u00eet avec la personne.<\/p>\n\n\n\n<p><strong>Article 4<\/strong> Conseil d&#8217;Administration (CA)<\/p>\n\n\n\n<p>L&#8217;association est g\u00e9r\u00e9e par le\nconseil d\u2019administration. Ce conseil est constitu\u00e9 par le bureau (pr\u00e9sident(e),\nvice-pr\u00e9sident(e), tr\u00e9sorier(e), secr\u00e9taire) et par les r\u00e9f\u00e9rents.<\/p>\n\n\n\n<p><strong>Article 5<\/strong> R\u00e9f\u00e9rents<\/p>\n\n\n\n<p>A chaque producteur de l&#8217;AMAP lui\ncorrespond un r\u00e9f\u00e9rent.<\/p>\n\n\n\n<p>Un amapien peut devenir r\u00e9f\u00e9rent\npar simple souhait. Son travail consiste \u00e0 \u00eatre le porte-parole du paysan\n(agriculteur, paysan boulanger, \u00e9leveur, aviculteur, etc) au sein de l&#8217;AMAP et\na pour vocation \u00e0 communiquer tous les changements, nouveaut\u00e9s et informations\nconcernant son producteur r\u00e9f\u00e9r\u00e9.<\/p>\n\n\n\n<p>Le passage de la r\u00e9f\u00e9rence se\nfera par l&#8217;ancien r\u00e9f\u00e9rent ou par le pr\u00e9sident en cas d&#8217;une nouvelle r\u00e9f\u00e9rence.<\/p>\n\n\n\n<p><strong>Titre II Fonctionnement de l&#8217;association<\/strong><\/p>\n\n\n\n<p><strong>Article 6<\/strong> AMAP et GAS<\/p>\n\n\n\n<p>L&#8217;association les paniers\nd&#8217;Irigny est form\u00e9e par deux entit\u00e9s : Une AMAP (Association pour le Maintien\nde l&#8217;Agriculture Paysanne) et un GAS (Groupement d&#8217;achat solidaire)<\/p>\n\n\n\n<p><strong>Article 7<\/strong> Distribution des paniers<\/p>\n\n\n\n<p>La distribution des paniers a\nlieu le Mercredi de 19H30 \u00e0 20H30 au Hangar des Berti\u00e8res<\/p>\n\n\n\n<p>Un planning est d\u00e9fini pour\nassurer la distribution des paniers en fonction de la disponibilit\u00e9 de chacun\ndes membres de l\u2019association. Chaque adh\u00e9rent s\u2019engage \u00e0 participer \u00e0 ces\ndistributions.<\/p>\n\n\n\n<p><strong>Article 8<\/strong> Paiement des paniers<\/p>\n\n\n\n<p>Pour l\u2019AMAP : Les membres de\nl\u2019association s\u2019engagent sur une p\u00e9riode minimale de 6 mois \u00e0 r\u00e9gler d\u2019avance\nleur panier. Les distributions sont encadr\u00e9es par des contrats saisonniers. La\nsaison automne-hiver s\u2019\u00e9tend de fin septembre \u00e0 fin mars. La saison\nprintemps-\u00e9t\u00e9 s&#8217;\u00e9tend d&#8217;avril \u00e0 octobre.<\/p>\n\n\n\n<p>Pour le GAS : Apr\u00e8s avoir pass\u00e9\ncommande, l\u2019adh\u00e9rent r\u00e8gle sa marchandise au moment de la livraison<\/p>\n\n\n\n<p><strong>Titre III Protection des donn\u00e9es personnelles<\/strong><\/p>\n\n\n\n<p><strong>Article 9<\/strong> Communication<\/p>\n\n\n\n<p>La communication entre le bureau,\nles r\u00e9f\u00e9rents et les amapiens se fait lors des distributions et par courrier\n\u00e9lectronique.<\/p>\n\n\n\n<p>Le CA communique sur les\ndiff\u00e9rents contrats, distributions, nouveaux produits ou manifestations de\nl&#8217;AMAP et du GAS \u00e0 travers l&#8217;adresse mail <a href=\"mailto:paniersirigny@gmail.com\">paniersirigny@gmail.com<\/a> <\/p>\n\n\n\n<p>Le CA s&#8217;engage \u00e0 prot\u00e9ger les\ndonn\u00e9es personnelles en sa possession (nom, adresse, num\u00e9ro de t\u00e9l\u00e9phone et\nadresse \u00e9lectronique) des amapiens et de ne les communiquer en aucun cas \u00e0 des\ntiers.<\/p>\n\n\n\n<p>Tout amapien peut demander une\nmodification ou corriger ses donn\u00e9es personnelles en cours d&#8217;ann\u00e9e. Les mails\n\u00e9manant de l&#8217;association les Paniers d&#8217;Irigny concerneront uniquement\nl&#8217;AMAP\/GAS, ses producteurs et les manifestations autour de leurs\nexploitations.<\/p>\n\n\n\n<p><strong>Titre IV Dispositions diverses<\/strong><\/p>\n\n\n\n<p><strong>Article 10<\/strong> Manifestations<\/p>\n\n\n\n<p>En fonction des possibilit\u00e9s, le\nbureau pourra proposer des animations autour des exploitants agricoles : visite\ndes exploitations, aide au travail agricole, formation \u00e0 la taille des arbres,\n&#8230;<\/p>\n\n\n\n<p><strong>Article 11<\/strong> Modification du r\u00e8glement int\u00e9rieur<\/p>\n\n\n\n<p>Le r\u00e8glement int\u00e9rieur est \u00e9tabli\npar les membres du bureau et valid\u00e9 par le conseil d\u2019Administration<\/p>\n\n\n\n<p>Il peut \u00eatre modifi\u00e9 par le\nbureau sur proposition d\u2019un membre par envoi d\u2019un courrier ou courriel \u00e0\nl\u2019association (paniersirigny@gmail.com)<\/p>\n\n\n\n<p>A IRIGNY, le 10 Juin 2018<\/p>\n\n\n<p><!--EndFragment--><\/p>\n\n\n<p><br><\/p>\n","protected":false},"excerpt":{"rendered":"<p>Le Conseil d\u2019Administration L\u2019association est administr\u00e9e par le Conseil d\u2019Administration compos\u00e9 du bureau ainsi que des r\u00e9f\u00e9rents producteur. Le bureau est constitu\u00e9 de 4 membres \u00e9lus pour deux ans lors de l&nbsp;&#8216;Assembl\u00e9e G\u00e9n\u00e9rale&nbsp;: pr\u00e9sident(e), vice-pr\u00e9sident(e), tr\u00e9sorier(e), secr\u00e9taire. Il se r\u00e9unit<\/p>\n","protected":false},"author":1,"featured_media":0,"parent":0,"menu_order":0,"comment_status":"closed","ping_status":"closed","template":"","meta":{"footnotes":""},"class_list":["post-129","page","type-page","status-publish","hentry"],"_links":{"self":[{"href":"https:\/\/paniersirigny.fr\/index.php\/wp-json\/wp\/v2\/pages\/129","targetHints":{"allow":["GET"]}}],"collection":[{"href":"https:\/\/paniersirigny.fr\/index.php\/wp-json\/wp\/v2\/pages"}],"about":[{"href":"https:\/\/paniersirigny.fr\/index.php\/wp-json\/wp\/v2\/types\/page"}],"author":[{"embeddable":true,"href":"https:\/\/paniersirigny.fr\/index.php\/wp-json\/wp\/v2\/users\/1"}],"replies":[{"embeddable":true,"href":"https:\/\/paniersirigny.fr\/index.php\/wp-json\/wp\/v2\/comments?post=129"}],"version-history":[{"count":13,"href":"https:\/\/paniersirigny.fr\/index.php\/wp-json\/wp\/v2\/pages\/129\/revisions"}],"predecessor-version":[{"id":986,"href":"https:\/\/paniersirigny.fr\/index.php\/wp-json\/wp\/v2\/pages\/129\/revisions\/986"}],"wp:attachment":[{"href":"https:\/\/paniersirigny.fr\/index.php\/wp-json\/wp\/v2\/media?parent=129"}],"curies":[{"name":"wp","href":"https:\/\/api.w.org\/{rel}","templated":true}]}}